{"id":10113,"date":"2024-07-15T21:43:02","date_gmt":"2024-07-15T19:43:02","guid":{"rendered":"https:\/\/petits-chanteurs-strasbourg.com\/?page_id=10113"},"modified":"2025-08-26T10:28:50","modified_gmt":"2025-08-26T08:28:50","slug":"medias","status":"publish","type":"page","link":"https:\/\/petits-chanteurs-strasbourg.com\/index.php\/medias\/","title":{"rendered":"ENREGISTREMENTS"},"content":{"rendered":"\t\t<div data-elementor-type=\"wp-page\" data-elementor-id=\"10113\" class=\"elementor elementor-10113\">\n\t\t\t\t\t\t<section class=\"elementor-section elementor-top-section elementor-element elementor-element-d986af2 elementor-section-boxed elementor-section-height-default elementor-section-height-default qodef-elementor-content-no\" data-id=\"d986af2\" data-element_type=\"section\" data-e-type=\"section\">\n\t\t\t\t\t\t<div class=\"elementor-container elementor-column-gap-default\">\n\t\t\t\t\t<div class=\"elementor-column elementor-col-50 elementor-top-column elementor-element elementor-element-45956ea\" data-id=\"45956ea\" data-element_type=\"column\" data-e-type=\"column\">\n\t\t\t<div class=\"elementor-widget-wrap elementor-element-populated\">\n\t\t\t\t\t\t<div class=\"elementor-element elementor-element-bc0c27d elementor-widget elementor-widget-text-editor\" data-id=\"bc0c27d\" data-element_type=\"widget\" data-e-type=\"widget\" data-widget_type=\"text-editor.default\">\n\t\t\t\t<div class=\"elementor-widget-container\">\n\t\t\t\t\t\t\t\t\t<p style=\"text-align: center;\"><strong>Les Petits Chanteurs de Strasbourg sont pr\u00e9sents sur les plateformes de streaming.\u00a0<\/strong><\/p>\t\t\t\t\t\t\t\t<\/div>\n\t\t\t\t<\/div>\n\t\t\t\t<div class=\"elementor-element elementor-element-9a4fba3 elementor-align-center elementor-widget elementor-widget-button\" data-id=\"9a4fba3\" data-element_type=\"widget\" data-e-type=\"widget\" data-widget_type=\"button.default\">\n\t\t\t\t<div class=\"elementor-widget-container\">\n\t\t\t\t\t\t\t\t\t<div class=\"elementor-button-wrapper\">\n\t\t\t\t\t<a class=\"elementor-button elementor-button-link elementor-size-sm\" href=\"https:\/\/distrokid.com\/hyperfollow\/matrisedelopranationaldurhinpetitschanteursdestrasbourgdirlucianobibiloni\/trois-chansons-de-charles-dorlans\">\n\t\t\t\t\t\t<span class=\"elementor-button-content-wrapper\">\n\t\t\t\t\t\t\t\t\t<span class=\"elementor-button-text\">\u00c9coutez le dernier enregistrement !<\/span>\n\t\t\t\t\t<\/span>\n\t\t\t\t\t<\/a>\n\t\t\t\t<\/div>\n\t\t\t\t\t\t\t\t<\/div>\n\t\t\t\t<\/div>\n\t\t\t\t<div class=\"elementor-element elementor-element-2f060b2 elementor-widget elementor-widget-image\" data-id=\"2f060b2\" data-element_type=\"widget\" data-e-type=\"widget\" data-widget_type=\"image.default\">\n\t\t\t\t<div class=\"elementor-widget-container\">\n\t\t\t\t\t\t\t\t\t\t\t\t\t\t\t<img fetchpriority=\"high\" decoding=\"async\" width=\"827\" height=\"554\" src=\"https:\/\/petits-chanteurs-strasbourg.com\/wp-content\/uploads\/2024\/07\/Capture-decran-2024-07-16-a-12.47.38.jpg\" class=\"attachment-large size-large wp-image-10138\" alt=\"\" srcset=\"https:\/\/petits-chanteurs-strasbourg.com\/wp-content\/uploads\/2024\/07\/Capture-decran-2024-07-16-a-12.47.38.jpg 827w, https:\/\/petits-chanteurs-strasbourg.com\/wp-content\/uploads\/2024\/07\/Capture-decran-2024-07-16-a-12.47.38-300x201.jpg 300w, https:\/\/petits-chanteurs-strasbourg.com\/wp-content\/uploads\/2024\/07\/Capture-decran-2024-07-16-a-12.47.38-768x514.jpg 768w\" sizes=\"(max-width: 827px) 100vw, 827px\" \/>\t\t\t\t\t\t\t\t\t\t\t\t\t\t\t<\/div>\n\t\t\t\t<\/div>\n\t\t\t\t\t<\/div>\n\t\t<\/div>\n\t\t\t\t<div class=\"elementor-column elementor-col-50 elementor-top-column elementor-element elementor-element-bfc6f33\" data-id=\"bfc6f33\" data-element_type=\"column\" data-e-type=\"column\">\n\t\t\t<div class=\"elementor-widget-wrap elementor-element-populated\">\n\t\t\t\t\t\t<div class=\"elementor-element elementor-element-1bf6d6d elementor-widget elementor-widget-text-editor\" data-id=\"1bf6d6d\" data-element_type=\"widget\" data-e-type=\"widget\" data-widget_type=\"text-editor.default\">\n\t\t\t\t<div class=\"elementor-widget-container\">\n\t\t\t\t\t\t\t\t\t<p style=\"text-align: center;\"><strong>\u00c9coutez les Petits Chanteurs de Strasbourg dans quelques extraits de leurs r\u00e9pertoire au fil des ans.<\/strong><\/p>\t\t\t\t\t\t\t\t<\/div>\n\t\t\t\t<\/div>\n\t\t\t\t<div class=\"elementor-element elementor-element-a2c05f4 elementor-align-center elementor-widget__width-inherit elementor-widget elementor-widget-button\" data-id=\"a2c05f4\" data-element_type=\"widget\" data-e-type=\"widget\" data-widget_type=\"button.default\">\n\t\t\t\t<div class=\"elementor-widget-container\">\n\t\t\t\t\t\t\t\t\t<div class=\"elementor-button-wrapper\">\n\t\t\t\t\t<a class=\"elementor-button elementor-button-link elementor-size-sm\" href=\"https:\/\/petits-chanteurs-strasbourg.com\/index.php\/extraits\/\">\n\t\t\t\t\t\t<span class=\"elementor-button-content-wrapper\">\n\t\t\t\t\t\t\t\t\t<span class=\"elementor-button-text\">Extraits vid\u00e9os<\/span>\n\t\t\t\t\t<\/span>\n\t\t\t\t\t<\/a>\n\t\t\t\t<\/div>\n\t\t\t\t\t\t\t\t<\/div>\n\t\t\t\t<\/div>\n\t\t\t\t<div class=\"elementor-element elementor-element-25464c1 elementor-widget elementor-widget-image\" data-id=\"25464c1\" data-element_type=\"widget\" data-e-type=\"widget\" data-widget_type=\"image.default\">\n\t\t\t\t<div class=\"elementor-widget-container\">\n\t\t\t\t\t\t\t\t\t\t\t\t\t\t\t<img decoding=\"async\" width=\"826\" height=\"553\" src=\"https:\/\/petits-chanteurs-strasbourg.com\/wp-content\/uploads\/2024\/07\/Capture-decran-2024-07-16-a-12.47.50.jpg\" class=\"attachment-large size-large wp-image-10137\" alt=\"\" srcset=\"https:\/\/petits-chanteurs-strasbourg.com\/wp-content\/uploads\/2024\/07\/Capture-decran-2024-07-16-a-12.47.50.jpg 826w, https:\/\/petits-chanteurs-strasbourg.com\/wp-content\/uploads\/2024\/07\/Capture-decran-2024-07-16-a-12.47.50-300x201.jpg 300w, https:\/\/petits-chanteurs-strasbourg.com\/wp-content\/uploads\/2024\/07\/Capture-decran-2024-07-16-a-12.47.50-768x514.jpg 768w\" sizes=\"(max-width: 826px) 100vw, 826px\" \/>\t\t\t\t\t\t\t\t\t\t\t\t\t\t\t<\/div>\n\t\t\t\t<\/div>\n\t\t\t\t\t<\/div>\n\t\t<\/div>\n\t\t\t\t\t<\/div>\n\t\t<\/section>\n\t\t\t\t<section class=\"elementor-section elementor-top-section elementor-element elementor-element-f6b59fb elementor-section-boxed elementor-section-height-default elementor-section-height-default qodef-elementor-content-no\" data-id=\"f6b59fb\" data-element_type=\"section\" data-e-type=\"section\">\n\t\t\t\t\t\t<div class=\"elementor-container elementor-column-gap-default\">\n\t\t\t\t\t<div class=\"elementor-column elementor-col-100 elementor-top-column elementor-element elementor-element-a0120f9\" data-id=\"a0120f9\" data-element_type=\"column\" data-e-type=\"column\">\n\t\t\t<div class=\"elementor-widget-wrap elementor-element-populated\">\n\t\t\t\t\t\t<div class=\"elementor-element elementor-element-365dd74 elementor-widget elementor-widget-text-editor\" data-id=\"365dd74\" data-element_type=\"widget\" data-e-type=\"widget\" data-widget_type=\"text-editor.default\">\n\t\t\t\t<div class=\"elementor-widget-container\">\n\t\t\t\t\t\t\t\t\t<div class=\"page\" title=\"Page 13\"><div class=\"section\"><div class=\"layoutArea\"><div class=\"column\"><p><strong>Les Petits Chanteurs de Strasbourg produisent leur propre discographie et participent a\u0300 des enregistrements dans le cadre des collaborations qu\u2019ils me\u0300nent avec diffe\u0301rents ensembles professionnels.<\/strong><\/p><ul><li>2006 : participation a\u0300 un film documentaire, Ho\u0302tel de l\u2019esprit de Michel Deutsch.<\/li><li>2007 : enregistrement du CD sur le the\u0300me de la musique vocale franc\u0327aise du XIXe sie\u0300cle, avec des pie\u0300ces ine\u0301dites de Delibes, Faure\u0301, Saint-Sae\u0308ns, Berlioz.<\/li><li>2008 : participation a\u0300 la tourne\u0301e 2008 des Enfoire\u0301s et enregistrement d\u2019un CD (triple platine) et d\u2019un DVD (DVD de diamant).<\/li><li>2011 : enregistrement en vue d\u2019un CD de Werther, de Jules Massenet, aux co\u0302te\u0301s de l\u2019orchestre de l\u2019Ope\u0301ra de Lyon et des chanteurs Elina Garanc\u0327a, Ludovic Te\u0301zier et Jean- Philippe Lafont. (Universal Music Deutsche Grammophon)<\/li><li>2016 : Production d\u2019un CD autour d\u2019une se\u0301lection originale d\u2019Alle\u0301luia, a cappella et avec accompagnement orchestral.<\/li><li>2017 : participation a\u0300 la cre\u0301ation de Postnuklea Rekviemo de Jim Petit.<\/li><li>2020 : l\u2019enregistrement de La Damnation de Faust (Warner Classics), oeuvre dans laquelle les Petits Chanteurs de Strasbourg sont intervenus aux co\u0302te\u0301s de l\u2019Orchestre philharmonique de Strasbourg, du ch\u0153ur Gulbenkian et de chanteurs de renom (Joyce DiDonato, Michael Spyres, Nicolas Courjal, Alexandre Duhamel), sous la direction de John Nelson, a e\u0301te\u0301 gratifie\u0301 d\u2019un <strong>Diapason d\u2019or<\/strong>.<\/li><li>2024 : enregistrement de l\u2019album \u201eTrois chansons de Charles d\u2019Orl\u00e9ans\u201c et de \u00ab\u00a0Tota Pulchra es Maria\u00a0\u00bb de Durufl\u00e9, mis en ligne sur les plateformes Spotify, Apple Music et Youtube<\/li><li>2025\u00a0: enregistrement des Petites Voix, de Francis Poulenc disponible en streaming<\/li><\/ul><\/div><\/div><\/div><\/div>\t\t\t\t\t\t\t\t<\/div>\n\t\t\t\t<\/div>\n\t\t\t\t\t<\/div>\n\t\t<\/div>\n\t\t\t\t\t<\/div>\n\t\t<\/section>\n\t\t\t\t<\/div>\n\t\t","protected":false},"excerpt":{"rendered":"<p>Les Petits Chanteurs de Strasbourg sont pr\u00e9sents sur les plateformes de streaming.\u00a0 \u00c9coutez le dernier enregistrement ! \u00c9coutez les Petits Chanteurs de Strasbourg dans quelques extraits de leurs r\u00e9pertoire au fil des ans. Extraits vid\u00e9os Les Petits Chanteurs de Strasbourg produisent leur propre discographie et participent a\u0300 des enregistrements dans le cadre des collaborations qu\u2019ils [&hellip;]<\/p>\n","protected":false},"author":2,"featured_media":0,"parent":0,"menu_order":0,"comment_status":"closed","ping_status":"closed","template":"","meta":{"_bbp_topic_count":0,"_bbp_reply_count":0,"_bbp_total_topic_count":0,"_bbp_total_reply_count":0,"_bbp_voice_count":0,"_bbp_anonymous_reply_count":0,"_bbp_topic_count_hidden":0,"_bbp_reply_count_hidden":0,"_bbp_forum_subforum_count":0,"footnotes":""},"class_list":["post-10113","page","type-page","status-publish","hentry"],"_links":{"self":[{"href":"https:\/\/petits-chanteurs-strasbourg.com\/index.php\/wp-json\/wp\/v2\/pages\/10113","targetHints":{"allow":["GET"]}}],"collection":[{"href":"https:\/\/petits-chanteurs-strasbourg.com\/index.php\/wp-json\/wp\/v2\/pages"}],"about":[{"href":"https:\/\/petits-chanteurs-strasbourg.com\/index.php\/wp-json\/wp\/v2\/types\/page"}],"author":[{"embeddable":true,"href":"https:\/\/petits-chanteurs-strasbourg.com\/index.php\/wp-json\/wp\/v2\/users\/2"}],"replies":[{"embeddable":true,"href":"https:\/\/petits-chanteurs-strasbourg.com\/index.php\/wp-json\/wp\/v2\/comments?post=10113"}],"version-history":[{"count":80,"href":"https:\/\/petits-chanteurs-strasbourg.com\/index.php\/wp-json\/wp\/v2\/pages\/10113\/revisions"}],"predecessor-version":[{"id":12894,"href":"https:\/\/petits-chanteurs-strasbourg.com\/index.php\/wp-json\/wp\/v2\/pages\/10113\/revisions\/12894"}],"wp:attachment":[{"href":"https:\/\/petits-chanteurs-strasbourg.com\/index.php\/wp-json\/wp\/v2\/media?parent=10113"}],"curies":[{"name":"wp","href":"https:\/\/api.w.org\/{rel}","templated":true}]}}