{"id":11471,"date":"2025-03-12T08:49:32","date_gmt":"2025-03-12T07:49:32","guid":{"rendered":"https:\/\/petits-chanteurs-strasbourg.com\/?page_id=11471"},"modified":"2025-03-12T08:51:20","modified_gmt":"2025-03-12T07:51:20","slug":"ecole-des-romains","status":"publish","type":"page","link":"https:\/\/petits-chanteurs-strasbourg.com\/index.php\/ecole-des-romains\/","title":{"rendered":"\u00c9cole des Romains"},"content":{"rendered":"\t\t<div data-elementor-type=\"wp-page\" data-elementor-id=\"11471\" class=\"elementor elementor-11471\">\n\t\t\t\t\t\t<section class=\"elementor-section elementor-top-section elementor-element elementor-element-590f93c elementor-section-boxed elementor-section-height-default elementor-section-height-default qodef-elementor-content-no\" data-id=\"590f93c\" data-element_type=\"section\" data-e-type=\"section\">\n\t\t\t\t\t\t<div class=\"elementor-container elementor-column-gap-default\">\n\t\t\t\t\t<div class=\"elementor-column elementor-col-100 elementor-top-column elementor-element elementor-element-804fafc\" data-id=\"804fafc\" data-element_type=\"column\" data-e-type=\"column\">\n\t\t\t<div class=\"elementor-widget-wrap elementor-element-populated\">\n\t\t\t\t\t\t<div class=\"elementor-element elementor-element-0cfbbb3 elementor-widget elementor-widget-text-editor\" data-id=\"0cfbbb3\" data-element_type=\"widget\" data-e-type=\"widget\" data-widget_type=\"text-editor.default\">\n\t\t\t\t<div class=\"elementor-widget-container\">\n\t\t\t\t\t\t\t\t\t<p class=\"p1\"><span class=\"s1\">L\u2019\u00e9cole des Romains est une \u00e9cole \u00e9l\u00e9mentaire publique. Elle accueille \u00e0 l&rsquo;heure actuelle 500 enfants de 6 \u00e0 11 ans dans 28 classes du CP au CM2. Elle est implant\u00e9e \u00e0 Koenigshoffen Est, un des plus anciens quartiers de Strasbourg. Aujourd\u2019hui, ce quartier abrite une grande mixit\u00e9 sociale avec en particulier le QPV (Quartier Prioritaire de la Ville) Koenigshoffen Est. L\u2019\u00e9cole fait partie du REP (R\u00e9seau d&rsquo;Education Prioritaire) Twinger. Cela permet de b\u00e9n\u00e9ficier de moyens suppl\u00e9mentaires pour le fonctionnement et les projets de l\u2019\u00e9cole. Ce sont plus de 60 adultes qui travaillent au sein de l\u2019\u00e9tablissement, 35 enseignant-e-s, 20 animateur-trice-s, 10 agent-e-s techniques, 5 accompagnateur-trice-s d\u2019enfants en situation de handicap, 2 services civiques, une dizaine de stagiaires et\u00a0 de nombreux intervenant-e-s th\u00e9matiques.<\/span><\/p><p class=\"p1\"><span class=\"s1\">Ces derni\u00e8res ann\u00e9es, la musique a pris une grande place dans le projet de l\u2019\u00e9tablissement et les actions dans ce sens se sont multipli\u00e9es :\u00a0<\/span><\/p><ul class=\"ul1\"><li class=\"li3\"><span class=\"s1\">De 2018 \u00e0 2021, une quinzaine d\u2019\u00e9l\u00e8ves de l\u2019\u00e9cole ont pu apprendre la fl\u00fbte traversi\u00e8re ou le hautbois dans le cadre de l\u2019orchestre DEMOS Strasbourg avec une pr\u00e9sentation finale \u00e0 la philharmonie de Paris.<\/span><\/li><li class=\"li3\"><span class=\"s1\">Une demi-douzaine de classes se sont engag\u00e9es dans le projet participatif \u00ab A vos marques, pr\u00eats\u2026 Chantez ! \u00bb et son concert final au Z\u00e9nith de Strasbourg.\u00a0<\/span><\/li><li class=\"li3\"><span class=\"s1\">Chaque ann\u00e9e tous les \u00e9l\u00e8ves de CP apprennent des danses traditionnelles et se retrouvent pour un grand bal avec le groupe Bal\u2019Us\u2019Trad ou le trio TonTonDemiTon.<\/span><\/li><li class=\"li3\"><span class=\"s1\">Une chorale a \u00e9t\u00e9 lanc\u00e9e dans le cadre de l\u2019accompagnement \u00e9ducatif.<\/span><\/li><li class=\"li3\"><span class=\"s1\">Dans le cadre des activit\u00e9s p\u00e9riscolaires de la ville, les propositions musicales sont nombreuses et vari\u00e9es : musique sur ipad, \u00e9criture rap, gospel, danse africaine, etc.<\/span><\/li><li class=\"li3\"><span class=\"s1\">Les kermesses et rentr\u00e9es des classes sont \u00e9galement tous les ans l\u2019occasion d\u2019accueillir les nouveaux ou de saluer les partants dans la joie et la communion.<\/span><\/li><\/ul><p class=\"p1\"><span class=\"s1\">En 2021, forte de ces exp\u00e9riences enthousiasmantes, la communaut\u00e9 \u00e9ducative a accueilli avec joie la proposition de la Ma\u00eetrise de l\u2019op\u00e9ra et de la Ville de Strasbourg d\u2019implanter une CHAM vocale dans l\u2019\u00e9cole et dans le quartier. Ce projet concerne tous les \u00e9l\u00e8ves de CE1 (pas moins d\u2019une centaine d\u2019enfants),\u00a0 qui d\u00e9couvrent la pratique du chant durant deux heures chaque semaine, encadr\u00e9s par une cheffe de ch\u0153ur professionnelle. Celles et ceux qui le souhaitent peuvent s&rsquo;engager ensuite dans le dispositif CHAM lui-m\u00eame qui accueille une trentaine d\u2019\u00e9l\u00e8ves par niveau qui pratiqueront le chant jusqu\u2019\u00e0 trois heures par semaine et seront amen\u00e9s \u00e0 participer \u00e0 diverses productions de la Ma\u00eetrise de l\u2019op\u00e9ra.\u00a0<\/span><\/p><p class=\"p1\"><span class=\"s1\">C\u2019est un parcours d\u2019excellence et d&rsquo;\u00e9panouissement qui permet aux \u00e9l\u00e8ves qui le suivent d\u2019obtenir un haut niveau technique dans la discipline et une ouverture vers la pratique artistique. Au-del\u00e0 des b\u00e9n\u00e9fices individuels ind\u00e9niables, c\u2019est toute l\u2019atmosph\u00e8re de l\u2019\u00e9cole qui est transform\u00e9e par ce projet. Il suffit de fredonner quelques notes dans un couloir pour que n\u2019importe quel groupe d\u2019enfants le reprenne en c\u0153ur.\u00a0 On entend chantonner Carmen ou des chants du monde dans les activit\u00e9s p\u00e9riscolaires, dans la file de la cantine et m\u00eame parfois au fin fond des toilettes ! On peut observer les enseignant-e-s s\u2019essayer \u00e0 des exercices de rythme dans la salle des ma\u00eetres et ma\u00eetresses. On raconte m\u00eame qu\u2019on peut entendre, le matin, au portail, le directeur scander \u201cTor\u00e9ador, prends ga-a-a-arde. Songe, oui songe bien en combattant qu\u2019un oeil noir te regarde\u2026 et que l\u2019amour t\u2019attend.\u201d<\/span><\/p>\t\t\t\t\t\t\t\t<\/div>\n\t\t\t\t<\/div>\n\t\t\t\t\t<\/div>\n\t\t<\/div>\n\t\t\t\t\t<\/div>\n\t\t<\/section>\n\t\t\t\t<section class=\"elementor-section elementor-top-section elementor-element elementor-element-78b8ed3 elementor-section-boxed elementor-section-height-default elementor-section-height-default qodef-elementor-content-no\" data-id=\"78b8ed3\" data-element_type=\"section\" data-e-type=\"section\">\n\t\t\t\t\t\t<div class=\"elementor-container elementor-column-gap-default\">\n\t\t\t\t\t<div class=\"elementor-column elementor-col-100 elementor-top-column elementor-element elementor-element-45578c6\" data-id=\"45578c6\" data-element_type=\"column\" data-e-type=\"column\">\n\t\t\t<div class=\"elementor-widget-wrap elementor-element-populated\">\n\t\t\t\t\t\t<div class=\"elementor-element elementor-element-be150b5 elementor-align-center elementor-widget elementor-widget-button\" data-id=\"be150b5\" data-element_type=\"widget\" data-e-type=\"widget\" data-widget_type=\"button.default\">\n\t\t\t\t<div class=\"elementor-widget-container\">\n\t\t\t\t\t\t\t\t\t<div class=\"elementor-button-wrapper\">\n\t\t\t\t\t<a class=\"elementor-button elementor-button-link elementor-size-sm\" href=\"https:\/\/petits-chanteurs-strasbourg.com\/index.php\/les-cham\/\">\n\t\t\t\t\t\t<span class=\"elementor-button-content-wrapper\">\n\t\t\t\t\t\t\t\t\t<span class=\"elementor-button-text\">RETOUR<\/span>\n\t\t\t\t\t<\/span>\n\t\t\t\t\t<\/a>\n\t\t\t\t<\/div>\n\t\t\t\t\t\t\t\t<\/div>\n\t\t\t\t<\/div>\n\t\t\t\t\t<\/div>\n\t\t<\/div>\n\t\t\t\t\t<\/div>\n\t\t<\/section>\n\t\t\t\t<\/div>\n\t\t","protected":false},"excerpt":{"rendered":"<p>L\u2019\u00e9cole des Romains est une \u00e9cole \u00e9l\u00e9mentaire publique. Elle accueille \u00e0 l&rsquo;heure actuelle 500 enfants de 6 \u00e0 11 ans dans 28 classes du CP au CM2. Elle est implant\u00e9e \u00e0 Koenigshoffen Est, un des plus anciens quartiers de Strasbourg. Aujourd\u2019hui, ce quartier abrite une grande mixit\u00e9 sociale avec en particulier le QPV (Quartier Prioritaire [&hellip;]<\/p>\n","protected":false},"author":2,"featured_media":0,"parent":0,"menu_order":0,"comment_status":"closed","ping_status":"closed","template":"","meta":{"_bbp_topic_count":0,"_bbp_reply_count":0,"_bbp_total_topic_count":0,"_bbp_total_reply_count":0,"_bbp_voice_count":0,"_bbp_anonymous_reply_count":0,"_bbp_topic_count_hidden":0,"_bbp_reply_count_hidden":0,"_bbp_forum_subforum_count":0,"footnotes":""},"class_list":["post-11471","page","type-page","status-publish","hentry"],"_links":{"self":[{"href":"https:\/\/petits-chanteurs-strasbourg.com\/index.php\/wp-json\/wp\/v2\/pages\/11471","targetHints":{"allow":["GET"]}}],"collection":[{"href":"https:\/\/petits-chanteurs-strasbourg.com\/index.php\/wp-json\/wp\/v2\/pages"}],"about":[{"href":"https:\/\/petits-chanteurs-strasbourg.com\/index.php\/wp-json\/wp\/v2\/types\/page"}],"author":[{"embeddable":true,"href":"https:\/\/petits-chanteurs-strasbourg.com\/index.php\/wp-json\/wp\/v2\/users\/2"}],"replies":[{"embeddable":true,"href":"https:\/\/petits-chanteurs-strasbourg.com\/index.php\/wp-json\/wp\/v2\/comments?post=11471"}],"version-history":[{"count":4,"href":"https:\/\/petits-chanteurs-strasbourg.com\/index.php\/wp-json\/wp\/v2\/pages\/11471\/revisions"}],"predecessor-version":[{"id":11480,"href":"https:\/\/petits-chanteurs-strasbourg.com\/index.php\/wp-json\/wp\/v2\/pages\/11471\/revisions\/11480"}],"wp:attachment":[{"href":"https:\/\/petits-chanteurs-strasbourg.com\/index.php\/wp-json\/wp\/v2\/media?parent=11471"}],"curies":[{"name":"wp","href":"https:\/\/api.w.org\/{rel}","templated":true}]}}