{"id":4364,"date":"2023-02-03T07:59:28","date_gmt":"2023-02-03T06:59:28","guid":{"rendered":"https:\/\/preprod.petits-chanteurs-strasbourg.com\/?page_id=4364"},"modified":"2025-12-07T18:30:14","modified_gmt":"2025-12-07T17:30:14","slug":"programme","status":"publish","type":"page","link":"https:\/\/petits-chanteurs-strasbourg.com\/index.php\/programme\/","title":{"rendered":"Programme"},"content":{"rendered":"\t\t<div data-elementor-type=\"wp-page\" data-elementor-id=\"4364\" class=\"elementor elementor-4364\">\n\t\t\t\t\t\t<section class=\"elementor-section elementor-top-section elementor-element elementor-element-e9e83b4 elementor-section-boxed elementor-section-height-default elementor-section-height-default qodef-elementor-content-no\" data-id=\"e9e83b4\" data-element_type=\"section\" data-e-type=\"section\">\n\t\t\t\t\t\t<div class=\"elementor-container elementor-column-gap-default\">\n\t\t\t\t\t<div class=\"elementor-column elementor-col-100 elementor-top-column elementor-element elementor-element-d5456f9\" data-id=\"d5456f9\" data-element_type=\"column\" data-e-type=\"column\">\n\t\t\t<div class=\"elementor-widget-wrap elementor-element-populated\">\n\t\t\t\t\t\t<div class=\"elementor-element elementor-element-ce74a16 elementor-widget elementor-widget-image\" data-id=\"ce74a16\" data-element_type=\"widget\" data-e-type=\"widget\" data-widget_type=\"image.default\">\n\t\t\t\t<div class=\"elementor-widget-container\">\n\t\t\t\t\t\t\t\t\t\t\t\t\t\t\t<img fetchpriority=\"high\" decoding=\"async\" width=\"1024\" height=\"379\" src=\"https:\/\/petits-chanteurs-strasbourg.com\/wp-content\/uploads\/2025\/12\/2025-11-05-Facebook-Banner-Noel-8-decembre-1024x379.jpg\" class=\"attachment-large size-large wp-image-13248\" alt=\"\" srcset=\"https:\/\/petits-chanteurs-strasbourg.com\/wp-content\/uploads\/2025\/12\/2025-11-05-Facebook-Banner-Noel-8-decembre-1024x379.jpg 1024w, https:\/\/petits-chanteurs-strasbourg.com\/wp-content\/uploads\/2025\/12\/2025-11-05-Facebook-Banner-Noel-8-decembre-300x111.jpg 300w, https:\/\/petits-chanteurs-strasbourg.com\/wp-content\/uploads\/2025\/12\/2025-11-05-Facebook-Banner-Noel-8-decembre-768x284.jpg 768w, https:\/\/petits-chanteurs-strasbourg.com\/wp-content\/uploads\/2025\/12\/2025-11-05-Facebook-Banner-Noel-8-decembre-1536x568.jpg 1536w, https:\/\/petits-chanteurs-strasbourg.com\/wp-content\/uploads\/2025\/12\/2025-11-05-Facebook-Banner-Noel-8-decembre.jpg 1773w\" sizes=\"(max-width: 1024px) 100vw, 1024px\" \/>\t\t\t\t\t\t\t\t\t\t\t\t\t\t\t<\/div>\n\t\t\t\t<\/div>\n\t\t\t\t\t<\/div>\n\t\t<\/div>\n\t\t\t\t\t<\/div>\n\t\t<\/section>\n\t\t\t\t<section class=\"elementor-section elementor-top-section elementor-element elementor-element-d7e315b elementor-section-boxed elementor-section-height-default elementor-section-height-default qodef-elementor-content-no\" data-id=\"d7e315b\" data-element_type=\"section\" data-e-type=\"section\">\n\t\t\t\t\t\t<div class=\"elementor-container elementor-column-gap-default\">\n\t\t\t\t\t<div class=\"elementor-column elementor-col-100 elementor-top-column elementor-element elementor-element-3462c4f\" data-id=\"3462c4f\" data-element_type=\"column\" data-e-type=\"column\">\n\t\t\t<div class=\"elementor-widget-wrap elementor-element-populated\">\n\t\t\t\t\t\t<div class=\"elementor-element elementor-element-110e87b elementor-widget elementor-widget-text-editor\" data-id=\"110e87b\" data-element_type=\"widget\" data-e-type=\"widget\" data-widget_type=\"text-editor.default\">\n\t\t\t\t<div class=\"elementor-widget-container\">\n\t\t\t\t\t\t\t\t\t<h6>Ce concert est organis\u00e9 par l&rsquo;Association Passions Alsace au profit des CHAM de la Ma\u00eetrise au Coll\u00e8ge Kl\u00e9ber.<\/h6>\t\t\t\t\t\t\t\t<\/div>\n\t\t\t\t<\/div>\n\t\t\t\t\t<\/div>\n\t\t<\/div>\n\t\t\t\t\t<\/div>\n\t\t<\/section>\n\t\t\t\t<section class=\"elementor-section elementor-top-section elementor-element elementor-element-41810f7 elementor-section-boxed elementor-section-height-default elementor-section-height-default qodef-elementor-content-no\" data-id=\"41810f7\" data-element_type=\"section\" data-e-type=\"section\">\n\t\t\t\t\t\t<div class=\"elementor-container elementor-column-gap-default\">\n\t\t\t\t\t<div class=\"elementor-column elementor-col-100 elementor-top-column elementor-element elementor-element-bf68d80\" data-id=\"bf68d80\" data-element_type=\"column\" data-e-type=\"column\">\n\t\t\t<div class=\"elementor-widget-wrap elementor-element-populated\">\n\t\t\t\t\t\t<div class=\"elementor-element elementor-element-ed70c4a elementor-widget elementor-widget-text-editor\" data-id=\"ed70c4a\" data-element_type=\"widget\" data-e-type=\"widget\" data-widget_type=\"text-editor.default\">\n\t\t\t\t<div class=\"elementor-widget-container\">\n\t\t\t\t\t\t\t\t\t<h5 class=\"p1\"><span style=\"color: #000080;\"><strong>C\u0152URS EN CH\u0152UR, CHANTER POUR LE NOUVEL AN !<\/strong><\/span><\/h5><p><span style=\"color: #333399;\"><strong>Nous vous proposons un voyage, non pas sur une carte, mais \u00e0 travers le c\u0153ur humain, port\u00e9 par les voix de nos jeunes artistes.\u00a0<\/strong><\/span><\/p><p><span style=\"color: #333399;\"><strong>Notre p\u00e9riple commence l\u00e0 o\u00f9 la fraternit\u00e9 se r\u00e9v\u00e8le souvent le plus n\u00e9cessaire : dans l\u2019\u00e9preuve. Les chants nous rappellent que m\u00eame dans l\u2019obscurit\u00e9 des combats intimes et universels nous ne sommes jamais seuls.<\/strong><\/span><\/p><p><span style=\"color: #333399;\"><strong>Puis, peu \u00e0 peu, la nuit apaisante \u00e9tend son manteau. Elle n\u2019est pas ici synonyme d\u2019oubli, mais de r\u00e9confort. Un refuge o\u00f9 se pr\u00e9parent les lendemains, le moment o\u00f9 le silence laisse place au r\u00eave.<\/strong><\/span><\/p><p><span style=\"color: #333399;\"><strong>Comme une nouvelle ann\u00e9e qui commence, la musique nous invite \u00e0 regarder devant nous.<\/strong><\/span><\/p><p><span style=\"color: #333399;\"><strong>Ces voix nous chantent une v\u00e9rit\u00e9 simple et essentielle, notre humanit\u00e9 partag\u00e9e est la plus belle des m\u00e9lodies.<\/strong><\/span><\/p><p><span style=\"color: #333399;\"><strong>Venez, entrez dans le cercle : rundi, rundi, runda, rundadinella\u2026<\/strong><\/span><\/p>\t\t\t\t\t\t\t\t<\/div>\n\t\t\t\t<\/div>\n\t\t\t\t\t<\/div>\n\t\t<\/div>\n\t\t\t\t\t<\/div>\n\t\t<\/section>\n\t\t\t\t<section class=\"elementor-section elementor-top-section elementor-element elementor-element-c19bdb2 elementor-section-boxed elementor-section-height-default elementor-section-height-default qodef-elementor-content-no\" data-id=\"c19bdb2\" data-element_type=\"section\" data-e-type=\"section\">\n\t\t\t\t\t\t<div class=\"elementor-container elementor-column-gap-default\">\n\t\t\t\t\t<div class=\"elementor-column elementor-col-50 elementor-top-column elementor-element elementor-element-fe14d8e\" data-id=\"fe14d8e\" data-element_type=\"column\" data-e-type=\"column\">\n\t\t\t<div class=\"elementor-widget-wrap\">\n\t\t\t\t\t\t\t<\/div>\n\t\t<\/div>\n\t\t\t\t<div class=\"elementor-column elementor-col-50 elementor-top-column elementor-element elementor-element-84749dc\" data-id=\"84749dc\" data-element_type=\"column\" data-e-type=\"column\">\n\t\t\t<div class=\"elementor-widget-wrap elementor-element-populated\">\n\t\t\t\t\t\t\t<\/div>\n\t\t<\/div>\n\t\t\t\t\t<\/div>\n\t\t<\/section>\n\t\t\t\t<section class=\"elementor-section elementor-top-section elementor-element elementor-element-3eeb16f elementor-section-boxed elementor-section-height-default elementor-section-height-default qodef-elementor-content-no\" data-id=\"3eeb16f\" data-element_type=\"section\" data-e-type=\"section\">\n\t\t\t\t\t\t<div class=\"elementor-container elementor-column-gap-default\">\n\t\t\t\t\t<div class=\"elementor-column elementor-col-25 elementor-top-column elementor-element elementor-element-312f472\" data-id=\"312f472\" data-element_type=\"column\" data-e-type=\"column\">\n\t\t\t<div class=\"elementor-widget-wrap elementor-element-populated\">\n\t\t\t\t\t\t<div class=\"elementor-element elementor-element-3b79bd2 elementor-widget elementor-widget-button\" data-id=\"3b79bd2\" data-element_type=\"widget\" data-e-type=\"widget\" data-widget_type=\"button.default\">\n\t\t\t\t<div class=\"elementor-widget-container\">\n\t\t\t\t\t\t\t\t\t<div class=\"elementor-button-wrapper\">\n\t\t\t\t\t<a class=\"elementor-button elementor-button-link elementor-size-sm\" href=\"https:\/\/petits-chanteurs-strasbourg.com\/index.php\/presentation-du-choeur\/\">\n\t\t\t\t\t\t<span class=\"elementor-button-content-wrapper\">\n\t\t\t\t\t\t\t\t\t<span class=\"elementor-button-text\">Petits Chanteurs de Strasbourg - Ma\u00eetrise de l'Op\u00e9ra national du Rhin<\/span>\n\t\t\t\t\t<\/span>\n\t\t\t\t\t<\/a>\n\t\t\t\t<\/div>\n\t\t\t\t\t\t\t\t<\/div>\n\t\t\t\t<\/div>\n\t\t\t\t\t<\/div>\n\t\t<\/div>\n\t\t\t\t<div class=\"elementor-column elementor-col-25 elementor-top-column elementor-element elementor-element-0c48467\" data-id=\"0c48467\" data-element_type=\"column\" data-e-type=\"column\">\n\t\t\t<div class=\"elementor-widget-wrap elementor-element-populated\">\n\t\t\t\t\t\t<div class=\"elementor-element elementor-element-88a1911 elementor-widget elementor-widget-button\" data-id=\"88a1911\" data-element_type=\"widget\" data-e-type=\"widget\" data-widget_type=\"button.default\">\n\t\t\t\t<div class=\"elementor-widget-container\">\n\t\t\t\t\t\t\t\t\t<div class=\"elementor-button-wrapper\">\n\t\t\t\t\t<a class=\"elementor-button elementor-button-link elementor-size-sm\" href=\"https:\/\/petits-chanteurs-strasbourg.com\/index.php\/frederique-autret\/\">\n\t\t\t\t\t\t<span class=\"elementor-button-content-wrapper\">\n\t\t\t\t\t\t\t\t\t<span class=\"elementor-button-text\">Direction : Fr\u00e9d\u00e9rique Autret<\/span>\n\t\t\t\t\t<\/span>\n\t\t\t\t\t<\/a>\n\t\t\t\t<\/div>\n\t\t\t\t\t\t\t\t<\/div>\n\t\t\t\t<\/div>\n\t\t\t\t\t<\/div>\n\t\t<\/div>\n\t\t\t\t<div class=\"elementor-column elementor-col-25 elementor-top-column elementor-element elementor-element-2416211\" data-id=\"2416211\" data-element_type=\"column\" data-e-type=\"column\">\n\t\t\t<div class=\"elementor-widget-wrap elementor-element-populated\">\n\t\t\t\t\t\t<div class=\"elementor-element elementor-element-0fedb2c elementor-widget elementor-widget-button\" data-id=\"0fedb2c\" data-element_type=\"widget\" data-e-type=\"widget\" data-widget_type=\"button.default\">\n\t\t\t\t<div class=\"elementor-widget-container\">\n\t\t\t\t\t\t\t\t\t<div class=\"elementor-button-wrapper\">\n\t\t\t\t\t<a class=\"elementor-button elementor-button-link elementor-size-sm\" href=\"https:\/\/petits-chanteurs-strasbourg.com\/index.php\/kotoko-matsuda\/\">\n\t\t\t\t\t\t<span class=\"elementor-button-content-wrapper\">\n\t\t\t\t\t\t\t\t\t<span class=\"elementor-button-text\">Piano : Kotoko Matsuda<\/span>\n\t\t\t\t\t<\/span>\n\t\t\t\t\t<\/a>\n\t\t\t\t<\/div>\n\t\t\t\t\t\t\t\t<\/div>\n\t\t\t\t<\/div>\n\t\t\t\t\t<\/div>\n\t\t<\/div>\n\t\t\t\t<div class=\"elementor-column elementor-col-25 elementor-top-column elementor-element elementor-element-1bec1bd\" data-id=\"1bec1bd\" data-element_type=\"column\" data-e-type=\"column\">\n\t\t\t<div class=\"elementor-widget-wrap elementor-element-populated\">\n\t\t\t\t\t\t<div class=\"elementor-element elementor-element-c42cbb3 elementor-widget elementor-widget-button\" data-id=\"c42cbb3\" data-element_type=\"widget\" data-e-type=\"widget\" data-widget_type=\"button.default\">\n\t\t\t\t<div class=\"elementor-widget-container\">\n\t\t\t\t\t\t\t\t\t<div class=\"elementor-button-wrapper\">\n\t\t\t\t\t<a class=\"elementor-button elementor-button-link elementor-size-sm\" href=\"https:\/\/petits-chanteurs-strasbourg.com\/index.php\/passion-alsace\/\">\n\t\t\t\t\t\t<span class=\"elementor-button-content-wrapper\">\n\t\t\t\t\t\t\t\t\t<span class=\"elementor-button-text\">Association Passions Alsace<\/span>\n\t\t\t\t\t<\/span>\n\t\t\t\t\t<\/a>\n\t\t\t\t<\/div>\n\t\t\t\t\t\t\t\t<\/div>\n\t\t\t\t<\/div>\n\t\t\t\t\t<\/div>\n\t\t<\/div>\n\t\t\t\t\t<\/div>\n\t\t<\/section>\n\t\t\t\t<section class=\"elementor-section elementor-top-section elementor-element elementor-element-40d9deb elementor-section-boxed elementor-section-height-default elementor-section-height-default qodef-elementor-content-no\" data-id=\"40d9deb\" data-element_type=\"section\" data-e-type=\"section\">\n\t\t\t\t\t\t<div class=\"elementor-container elementor-column-gap-default\">\n\t\t\t\t\t<div class=\"elementor-column elementor-col-33 elementor-top-column elementor-element elementor-element-030ce4b\" data-id=\"030ce4b\" data-element_type=\"column\" data-e-type=\"column\">\n\t\t\t<div class=\"elementor-widget-wrap\">\n\t\t\t\t\t\t\t<\/div>\n\t\t<\/div>\n\t\t\t\t<div class=\"elementor-column elementor-col-33 elementor-top-column elementor-element elementor-element-76e5f9c\" data-id=\"76e5f9c\" data-element_type=\"column\" data-e-type=\"column\">\n\t\t\t<div class=\"elementor-widget-wrap\">\n\t\t\t\t\t\t\t<\/div>\n\t\t<\/div>\n\t\t\t\t<div class=\"elementor-column elementor-col-33 elementor-top-column elementor-element elementor-element-b2e471d\" data-id=\"b2e471d\" data-element_type=\"column\" data-e-type=\"column\">\n\t\t\t<div class=\"elementor-widget-wrap\">\n\t\t\t\t\t\t\t<\/div>\n\t\t<\/div>\n\t\t\t\t\t<\/div>\n\t\t<\/section>\n\t\t\t\t<section class=\"elementor-section elementor-top-section elementor-element elementor-element-1e921d8 elementor-section-boxed elementor-section-height-default elementor-section-height-default qodef-elementor-content-no\" data-id=\"1e921d8\" data-element_type=\"section\" data-e-type=\"section\">\n\t\t\t\t\t\t<div class=\"elementor-container elementor-column-gap-default\">\n\t\t\t\t\t<div class=\"elementor-column elementor-col-100 elementor-top-column elementor-element elementor-element-6d77d3f\" data-id=\"6d77d3f\" data-element_type=\"column\" data-e-type=\"column\">\n\t\t\t<div class=\"elementor-widget-wrap elementor-element-populated\">\n\t\t\t\t\t\t<div class=\"elementor-element elementor-element-4f9f21b elementor-widget elementor-widget-heading\" data-id=\"4f9f21b\" data-element_type=\"widget\" data-e-type=\"widget\" data-widget_type=\"heading.default\">\n\t\t\t\t<div class=\"elementor-widget-container\">\n\t\t\t\t\t<h4 class=\"elementor-heading-title elementor-size-default\">Programme<\/h4>\t\t\t\t<\/div>\n\t\t\t\t<\/div>\n\t\t\t\t\t<\/div>\n\t\t<\/div>\n\t\t\t\t\t<\/div>\n\t\t<\/section>\n\t\t\t\t<section class=\"elementor-section elementor-top-section elementor-element elementor-element-215b290 elementor-section-boxed elementor-section-height-default elementor-section-height-default qodef-elementor-content-no\" data-id=\"215b290\" data-element_type=\"section\" data-e-type=\"section\">\n\t\t\t\t\t\t<div class=\"elementor-container elementor-column-gap-default\">\n\t\t\t\t\t<div class=\"elementor-column elementor-col-100 elementor-top-column elementor-element elementor-element-db83af2\" data-id=\"db83af2\" data-element_type=\"column\" data-e-type=\"column\">\n\t\t\t<div class=\"elementor-widget-wrap elementor-element-populated\">\n\t\t\t\t\t\t<div class=\"elementor-element elementor-element-71f6af0 elementor-widget elementor-widget-text-editor\" data-id=\"71f6af0\" data-element_type=\"widget\" data-e-type=\"widget\" data-widget_type=\"text-editor.default\">\n\t\t\t\t<div class=\"elementor-widget-container\">\n\t\t\t\t\t\t\t\t\t<p><span style=\"color: #000000;\"><strong>Rundadinella<\/strong>, C. Orff, arr. F. Autret<\/span><\/p>\n<p><span style=\"color: #000000;\"><strong>Hop la! C\u2019est le vent<\/strong>, traditionnel \u00e9cossais<\/span><\/p>\n<p><span style=\"color: #000000;\"><strong><i>What shall we do with the drunken Sailor ?<\/i>,<\/strong> traditionnel irlandais<\/span><\/p>\n<p><span style=\"color: #000000;\"><strong>The water is wide<\/strong>, J. Althouse<\/span><\/p>\n<p><span style=\"color: #000000;\"><strong>Loch Lomond<\/strong>, arr. P. Lawson<\/span><\/p>\n<p><span style=\"color: #000000;\"><strong>Nature\u2019s call en canon<\/strong>, S. van Steenberge<\/span><\/p>\n<p><span style=\"color: #000000;\"><strong>The Night song<\/strong>, B. Britten<\/span><\/p>\n<p><span style=\"color: #000000;\"><strong>Ar hyd y nose<\/strong>, traditionnel gallois<\/span><\/p>\n<p><span style=\"color: #000000;\"><strong>In the bleak midwinter,<\/strong> traditionnel anglais<\/span><\/p>\n<p><span style=\"color: #000000;\"><strong>The year that\u2019s awa\u2019<\/strong>, traditionnel \u00e9cossais<\/span><\/p>\n<p><br><\/p>\t\t\t\t\t\t\t\t<\/div>\n\t\t\t\t<\/div>\n\t\t\t\t\t<\/div>\n\t\t<\/div>\n\t\t\t\t\t<\/div>\n\t\t<\/section>\n\t\t\t\t<section class=\"elementor-section elementor-top-section elementor-element elementor-element-d56bd6e elementor-section-boxed elementor-section-height-default elementor-section-height-default qodef-elementor-content-no\" data-id=\"d56bd6e\" data-element_type=\"section\" data-e-type=\"section\">\n\t\t\t\t\t\t<div class=\"elementor-container elementor-column-gap-default\">\n\t\t\t\t\t<div class=\"elementor-column elementor-col-100 elementor-top-column elementor-element elementor-element-0f8f9b5\" data-id=\"0f8f9b5\" data-element_type=\"column\" data-e-type=\"column\">\n\t\t\t<div class=\"elementor-widget-wrap elementor-element-populated\">\n\t\t\t\t\t\t<div class=\"elementor-element elementor-element-dc33493 elementor-widget elementor-widget-spacer\" data-id=\"dc33493\" data-element_type=\"widget\" data-e-type=\"widget\" data-widget_type=\"spacer.default\">\n\t\t\t\t<div class=\"elementor-widget-container\">\n\t\t\t\t\t\t\t<div class=\"elementor-spacer\">\n\t\t\t<div class=\"elementor-spacer-inner\"><\/div>\n\t\t<\/div>\n\t\t\t\t\t\t<\/div>\n\t\t\t\t<\/div>\n\t\t\t\t\t<\/div>\n\t\t<\/div>\n\t\t\t\t\t<\/div>\n\t\t<\/section>\n\t\t\t\t<section class=\"elementor-section elementor-top-section elementor-element elementor-element-6a9bc97 elementor-section-boxed elementor-section-height-default elementor-section-height-default qodef-elementor-content-no\" data-id=\"6a9bc97\" data-element_type=\"section\" data-e-type=\"section\">\n\t\t\t\t\t\t<div class=\"elementor-container elementor-column-gap-default\">\n\t\t\t\t\t<div class=\"elementor-column elementor-col-33 elementor-top-column elementor-element elementor-element-d5e98eb\" data-id=\"d5e98eb\" data-element_type=\"column\" data-e-type=\"column\">\n\t\t\t<div class=\"elementor-widget-wrap\">\n\t\t\t\t\t\t\t<\/div>\n\t\t<\/div>\n\t\t\t\t<div class=\"elementor-column elementor-col-33 elementor-top-column elementor-element elementor-element-fcee97d\" data-id=\"fcee97d\" data-element_type=\"column\" data-e-type=\"column\">\n\t\t\t<div class=\"elementor-widget-wrap elementor-element-populated\">\n\t\t\t\t\t\t<div class=\"elementor-element elementor-element-887512d elementor-widget elementor-widget-image\" data-id=\"887512d\" data-element_type=\"widget\" data-e-type=\"widget\" data-widget_type=\"image.default\">\n\t\t\t\t<div class=\"elementor-widget-container\">\n\t\t\t\t\t\t\t\t\t\t\t\t\t\t\t\t<a href=\"https:\/\/www.helloasso.com\/associations\/manecanterie-des-petits-chanteurs-de-strasbourg\/formulaires\/2\">\n\t\t\t\t\t\t\t<img decoding=\"async\" width=\"300\" height=\"165\" src=\"https:\/\/petits-chanteurs-strasbourg.com\/wp-content\/uploads\/2025\/03\/Capture-decran-2025-03-15-a-15.42.37-300x165.png\" class=\"attachment-medium size-medium wp-image-11674\" alt=\"\" srcset=\"https:\/\/petits-chanteurs-strasbourg.com\/wp-content\/uploads\/2025\/03\/Capture-decran-2025-03-15-a-15.42.37-300x165.png 300w, https:\/\/petits-chanteurs-strasbourg.com\/wp-content\/uploads\/2025\/03\/Capture-decran-2025-03-15-a-15.42.37.png 744w\" sizes=\"(max-width: 300px) 100vw, 300px\" \/>\t\t\t\t\t\t\t\t<\/a>\n\t\t\t\t\t\t\t\t\t\t\t\t\t\t\t<\/div>\n\t\t\t\t<\/div>\n\t\t\t\t\t<\/div>\n\t\t<\/div>\n\t\t\t\t<div class=\"elementor-column elementor-col-33 elementor-top-column elementor-element elementor-element-aefc04e\" data-id=\"aefc04e\" data-element_type=\"column\" data-e-type=\"column\">\n\t\t\t<div class=\"elementor-widget-wrap\">\n\t\t\t\t\t\t\t<\/div>\n\t\t<\/div>\n\t\t\t\t\t<\/div>\n\t\t<\/section>\n\t\t\t\t<\/div>\n\t\t","protected":false},"excerpt":{"rendered":"<p>Ce concert est organis\u00e9 par l&rsquo;Association Passions Alsace au profit des CHAM de la Ma\u00eetrise au Coll\u00e8ge Kl\u00e9ber. C\u0152URS EN CH\u0152UR, CHANTER POUR LE NOUVEL AN ! Nous vous proposons un voyage, non pas sur une carte, mais \u00e0 travers le c\u0153ur humain, port\u00e9 par les voix de nos jeunes artistes.\u00a0 Notre p\u00e9riple commence l\u00e0 [&hellip;]<\/p>\n","protected":false},"author":2,"featured_media":0,"parent":0,"menu_order":0,"comment_status":"closed","ping_status":"closed","template":"","meta":{"_bbp_topic_count":0,"_bbp_reply_count":0,"_bbp_total_topic_count":0,"_bbp_total_reply_count":0,"_bbp_voice_count":0,"_bbp_anonymous_reply_count":0,"_bbp_topic_count_hidden":0,"_bbp_reply_count_hidden":0,"_bbp_forum_subforum_count":0,"footnotes":""},"class_list":["post-4364","page","type-page","status-publish","hentry"],"_links":{"self":[{"href":"https:\/\/petits-chanteurs-strasbourg.com\/index.php\/wp-json\/wp\/v2\/pages\/4364","targetHints":{"allow":["GET"]}}],"collection":[{"href":"https:\/\/petits-chanteurs-strasbourg.com\/index.php\/wp-json\/wp\/v2\/pages"}],"about":[{"href":"https:\/\/petits-chanteurs-strasbourg.com\/index.php\/wp-json\/wp\/v2\/types\/page"}],"author":[{"embeddable":true,"href":"https:\/\/petits-chanteurs-strasbourg.com\/index.php\/wp-json\/wp\/v2\/users\/2"}],"replies":[{"embeddable":true,"href":"https:\/\/petits-chanteurs-strasbourg.com\/index.php\/wp-json\/wp\/v2\/comments?post=4364"}],"version-history":[{"count":648,"href":"https:\/\/petits-chanteurs-strasbourg.com\/index.php\/wp-json\/wp\/v2\/pages\/4364\/revisions"}],"predecessor-version":[{"id":13251,"href":"https:\/\/petits-chanteurs-strasbourg.com\/index.php\/wp-json\/wp\/v2\/pages\/4364\/revisions\/13251"}],"wp:attachment":[{"href":"https:\/\/petits-chanteurs-strasbourg.com\/index.php\/wp-json\/wp\/v2\/media?parent=4364"}],"curies":[{"name":"wp","href":"https:\/\/api.w.org\/{rel}","templated":true}]}}