{"id":4377,"date":"2023-02-03T08:22:40","date_gmt":"2023-02-03T07:22:40","guid":{"rendered":"https:\/\/preprod.petits-chanteurs-strasbourg.com\/?page_id=4377"},"modified":"2025-06-23T10:15:00","modified_gmt":"2025-06-23T08:15:00","slug":"presentation-du-choeur","status":"publish","type":"page","link":"https:\/\/petits-chanteurs-strasbourg.com\/index.php\/presentation-du-choeur\/","title":{"rendered":"Pr\u00e9sentation du ch\u0153ur"},"content":{"rendered":"\t\t<div data-elementor-type=\"wp-page\" data-elementor-id=\"4377\" class=\"elementor elementor-4377\">\n\t\t\t\t\t\t<section class=\"elementor-section elementor-top-section elementor-element elementor-element-658ad2d elementor-section-boxed elementor-section-height-default elementor-section-height-default qodef-elementor-content-no\" data-id=\"658ad2d\" data-element_type=\"section\" data-e-type=\"section\">\n\t\t\t\t\t\t<div class=\"elementor-container elementor-column-gap-default\">\n\t\t\t\t\t<div class=\"elementor-column elementor-col-100 elementor-top-column elementor-element elementor-element-56ff606\" data-id=\"56ff606\" data-element_type=\"column\" data-e-type=\"column\">\n\t\t\t<div class=\"elementor-widget-wrap elementor-element-populated\">\n\t\t\t\t\t\t<div class=\"elementor-element elementor-element-6662e9a elementor-widget__width-initial elementor-widget elementor-widget-image\" data-id=\"6662e9a\" data-element_type=\"widget\" data-e-type=\"widget\" data-widget_type=\"image.default\">\n\t\t\t\t<div class=\"elementor-widget-container\">\n\t\t\t\t\t\t\t\t\t\t\t\t\t\t\t<img fetchpriority=\"high\" decoding=\"async\" width=\"1024\" height=\"486\" src=\"https:\/\/petits-chanteurs-strasbourg.com\/wp-content\/uploads\/2023\/12\/Shooting-2023-35-1024x486.jpg\" class=\"attachment-large size-large wp-image-8382\" alt=\"\" srcset=\"https:\/\/petits-chanteurs-strasbourg.com\/wp-content\/uploads\/2023\/12\/Shooting-2023-35-1024x486.jpg 1024w, https:\/\/petits-chanteurs-strasbourg.com\/wp-content\/uploads\/2023\/12\/Shooting-2023-35-300x142.jpg 300w, https:\/\/petits-chanteurs-strasbourg.com\/wp-content\/uploads\/2023\/12\/Shooting-2023-35-768x364.jpg 768w, https:\/\/petits-chanteurs-strasbourg.com\/wp-content\/uploads\/2023\/12\/Shooting-2023-35-630x300.jpg 630w, https:\/\/petits-chanteurs-strasbourg.com\/wp-content\/uploads\/2023\/12\/Shooting-2023-35-1536x728.jpg 1536w, https:\/\/petits-chanteurs-strasbourg.com\/wp-content\/uploads\/2023\/12\/Shooting-2023-35-2048x971.jpg 2048w\" sizes=\"(max-width: 1024px) 100vw, 1024px\" \/>\t\t\t\t\t\t\t\t\t\t\t\t\t\t\t<\/div>\n\t\t\t\t<\/div>\n\t\t\t\t\t<\/div>\n\t\t<\/div>\n\t\t\t\t\t<\/div>\n\t\t<\/section>\n\t\t\t\t<section class=\"elementor-section elementor-top-section elementor-element elementor-element-68ff69e elementor-section-boxed elementor-section-height-default elementor-section-height-default qodef-elementor-content-no\" data-id=\"68ff69e\" data-element_type=\"section\" data-e-type=\"section\">\n\t\t\t\t\t\t<div class=\"elementor-container elementor-column-gap-default\">\n\t\t\t\t\t<div class=\"elementor-column elementor-col-100 elementor-top-column elementor-element elementor-element-b7c0df9\" data-id=\"b7c0df9\" data-element_type=\"column\" data-e-type=\"column\">\n\t\t\t<div class=\"elementor-widget-wrap elementor-element-populated\">\n\t\t\t\t\t\t<div class=\"elementor-element elementor-element-1d24d87 elementor-widget elementor-widget-spacer\" data-id=\"1d24d87\" data-element_type=\"widget\" data-e-type=\"widget\" data-widget_type=\"spacer.default\">\n\t\t\t\t<div class=\"elementor-widget-container\">\n\t\t\t\t\t\t\t<div class=\"elementor-spacer\">\n\t\t\t<div class=\"elementor-spacer-inner\"><\/div>\n\t\t<\/div>\n\t\t\t\t\t\t<\/div>\n\t\t\t\t<\/div>\n\t\t\t\t\t<\/div>\n\t\t<\/div>\n\t\t\t\t\t<\/div>\n\t\t<\/section>\n\t\t\t\t<section class=\"elementor-section elementor-top-section elementor-element elementor-element-1de5a90 elementor-section-boxed elementor-section-height-default elementor-section-height-default qodef-elementor-content-no\" data-id=\"1de5a90\" data-element_type=\"section\" data-e-type=\"section\">\n\t\t\t\t\t\t<div class=\"elementor-container elementor-column-gap-default\">\n\t\t\t\t\t<div class=\"elementor-column elementor-col-100 elementor-top-column elementor-element elementor-element-9ed713c\" data-id=\"9ed713c\" data-element_type=\"column\" data-e-type=\"column\">\n\t\t\t<div class=\"elementor-widget-wrap elementor-element-populated\">\n\t\t\t\t\t\t<div class=\"elementor-element elementor-element-9b78012 elementor-widget elementor-widget-heading\" data-id=\"9b78012\" data-element_type=\"widget\" data-e-type=\"widget\" data-widget_type=\"heading.default\">\n\t\t\t\t<div class=\"elementor-widget-container\">\n\t\t\t\t\t<h4 class=\"elementor-heading-title elementor-size-default\">Les Petits Chanteurs de Strasbourg - Ma\u00eetrise de l'Op\u00e9ra national du Rhin<\/h4>\t\t\t\t<\/div>\n\t\t\t\t<\/div>\n\t\t\t\t\t<\/div>\n\t\t<\/div>\n\t\t\t\t\t<\/div>\n\t\t<\/section>\n\t\t\t\t<section class=\"elementor-section elementor-top-section elementor-element elementor-element-b847adf elementor-section-boxed elementor-section-height-default elementor-section-height-default qodef-elementor-content-no\" data-id=\"b847adf\" data-element_type=\"section\" data-e-type=\"section\">\n\t\t\t\t\t\t<div class=\"elementor-container elementor-column-gap-default\">\n\t\t\t\t\t<div class=\"elementor-column elementor-col-100 elementor-top-column elementor-element elementor-element-93ba5be\" data-id=\"93ba5be\" data-element_type=\"column\" data-e-type=\"column\">\n\t\t\t<div class=\"elementor-widget-wrap elementor-element-populated\">\n\t\t\t\t\t\t<div class=\"elementor-element elementor-element-692b41b elementor-widget elementor-widget-text-editor\" data-id=\"692b41b\" data-element_type=\"widget\" data-e-type=\"widget\" data-widget_type=\"text-editor.default\">\n\t\t\t\t<div class=\"elementor-widget-container\">\n\t\t\t\t\t\t\t\t\t<p><span style=\"color: #000000;\">Les Petits Chanteurs de Strasbourg \u2013 Ma\u00eetrise de l&rsquo;Op\u00e9ra national du Rhin ont \u00e9t\u00e9 cr\u00e9\u00e9s en 2001. Ils forment un ensemble de r\u00e9f\u00e9rence dans la vie musicale alsacienne. R\u00e9pertoire \u00e9clectique, originalit\u00e9 des \u0153uvres abord\u00e9es et grande qualit\u00e9 artistique caract\u00e9risent sa signature issue d\u2019une \u00e9troite coop\u00e9ration avec l&rsquo;Op\u00e9ra national du Rhin.<\/span><\/p><p><span style=\"color: #000000;\">En effet, la Ma\u00eetrise est associ\u00e9e \u00e0 la programmation lyrique de l&rsquo;institution depuis 2009 et se produit sur les diff\u00e9rentes sc\u00e8nes de l\u2019OnR. Dans le m\u00eame temps, les Petits Chanteurs de Strasbourg m\u00e8nent leur propre programme de concerts en France comme \u00e0 l\u2019\u00e9tranger, exportant l\u2019image de l\u2019Op\u00e9ra national du Rhin, de Strasbourg et de la r\u00e9gion.<\/span><\/p><p><span style=\"color: #000000;\">Dirig\u00e9e par Luciano Bibiloni, la Ma\u00eetrise est compos\u00e9e de 145 choristes : filles et gar\u00e7ons \u00e2g\u00e9s de 7 \u00e0 18 ans repartis en fonction de leur \u00e2ge au sein de cinq choeurs afin de faciliter un travail li\u00e9 \u00e0 leurs pr\u00e9-requis et leurs exp\u00e9riences en chant. Un ch\u0153ur d&rsquo;hommes compl\u00e8te le dispositif g\u00e9n\u00e9ral permettant une interpr\u00e9tation de tout le r\u00e9pertoire vocal (soliste, grand ch\u0153ur, \u00e0 voix \u00e9gales et\/ou mixtes).<\/span><\/p><p><span style=\"color: #000000;\">Les chanteurs b\u00e9n\u00e9ficient d\u2019une formation vocale, chorale et sc\u00e9nique plusieurs fois par semaine. Ils sont encadr\u00e9s par une \u00e9quipe compos\u00e9e de chefs de ch\u0153ur, d&rsquo;enseignants en technique vocale, de pianiste r\u00e9p\u00e9titeur et autres.<\/span><\/p><p><span style=\"color: #000000;\">Depuis 2021, des Classes \u00e0 Horaires Am\u00e9nag\u00e9s Musique (CHAM) au sein de l&rsquo;\u00e9cole des Romains, dans le quartier de Koenigshoffen de Strasbourg compl\u00e8tent l\u2019ensemble des choeurs.<\/span><\/p><p><span style=\"color: #000000;\">Les \u00e9l\u00e8ves b\u00e9n\u00e9ficient de la m\u00eame formation musicale et artistique que les ma\u00eetrisiens sur le temps scolaire. L\u2019association poursuit une double mission dans le cadre de la politique de la ville, \u00e0 savoir, \u00a0la r\u00e9alisation de prestations d\u2019une grande exigence artistique et la formation des enfants issus des quartiers prioritaires de la ville de Strasbourg. Ceci a pour objectif de d\u00e9velopper le potentiel de chacun et, plus g\u00e9n\u00e9ralement, les qualit\u00e9s humaines qui en feront des citoyens ouverts sur le monde.<\/span><\/p>\t\t\t\t\t\t\t\t<\/div>\n\t\t\t\t<\/div>\n\t\t\t\t\t<\/div>\n\t\t<\/div>\n\t\t\t\t\t<\/div>\n\t\t<\/section>\n\t\t\t\t<section class=\"elementor-section elementor-top-section elementor-element elementor-element-cea89f9 elementor-section-boxed elementor-section-height-default elementor-section-height-default qodef-elementor-content-no\" data-id=\"cea89f9\" data-element_type=\"section\" data-e-type=\"section\">\n\t\t\t\t\t\t<div class=\"elementor-container elementor-column-gap-default\">\n\t\t\t\t\t<div class=\"elementor-column elementor-col-100 elementor-top-column elementor-element elementor-element-1cff1f7\" data-id=\"1cff1f7\" data-element_type=\"column\" data-e-type=\"column\">\n\t\t\t<div class=\"elementor-widget-wrap elementor-element-populated\">\n\t\t\t\t\t\t<div class=\"elementor-element elementor-element-0b4731f elementor-align-center elementor-widget elementor-widget-button\" data-id=\"0b4731f\" data-element_type=\"widget\" data-e-type=\"widget\" data-widget_type=\"button.default\">\n\t\t\t\t<div class=\"elementor-widget-container\">\n\t\t\t\t\t\t\t\t\t<div class=\"elementor-button-wrapper\">\n\t\t\t\t\t<a class=\"elementor-button elementor-button-link elementor-size-sm\" href=\"\/index.php\/programme\/\">\n\t\t\t\t\t\t<span class=\"elementor-button-content-wrapper\">\n\t\t\t\t\t\t\t\t\t<span class=\"elementor-button-text\">RETOUR<\/span>\n\t\t\t\t\t<\/span>\n\t\t\t\t\t<\/a>\n\t\t\t\t<\/div>\n\t\t\t\t\t\t\t\t<\/div>\n\t\t\t\t<\/div>\n\t\t\t\t\t<\/div>\n\t\t<\/div>\n\t\t\t\t\t<\/div>\n\t\t<\/section>\n\t\t\t\t<\/div>\n\t\t","protected":false},"excerpt":{"rendered":"<p>Les Petits Chanteurs de Strasbourg &#8211; Ma\u00eetrise de l&rsquo;Op\u00e9ra national du Rhin Les Petits Chanteurs de Strasbourg \u2013 Ma\u00eetrise de l&rsquo;Op\u00e9ra national du Rhin ont \u00e9t\u00e9 cr\u00e9\u00e9s en 2001. Ils forment un ensemble de r\u00e9f\u00e9rence dans la vie musicale alsacienne. R\u00e9pertoire \u00e9clectique, originalit\u00e9 des \u0153uvres abord\u00e9es et grande qualit\u00e9 artistique caract\u00e9risent sa signature issue d\u2019une [&hellip;]<\/p>\n","protected":false},"author":2,"featured_media":0,"parent":0,"menu_order":0,"comment_status":"closed","ping_status":"closed","template":"elementor_header_footer","meta":{"_bbp_topic_count":0,"_bbp_reply_count":0,"_bbp_total_topic_count":0,"_bbp_total_reply_count":0,"_bbp_voice_count":0,"_bbp_anonymous_reply_count":0,"_bbp_topic_count_hidden":0,"_bbp_reply_count_hidden":0,"_bbp_forum_subforum_count":0,"footnotes":""},"class_list":["post-4377","page","type-page","status-publish","hentry"],"_links":{"self":[{"href":"https:\/\/petits-chanteurs-strasbourg.com\/index.php\/wp-json\/wp\/v2\/pages\/4377","targetHints":{"allow":["GET"]}}],"collection":[{"href":"https:\/\/petits-chanteurs-strasbourg.com\/index.php\/wp-json\/wp\/v2\/pages"}],"about":[{"href":"https:\/\/petits-chanteurs-strasbourg.com\/index.php\/wp-json\/wp\/v2\/types\/page"}],"author":[{"embeddable":true,"href":"https:\/\/petits-chanteurs-strasbourg.com\/index.php\/wp-json\/wp\/v2\/users\/2"}],"replies":[{"embeddable":true,"href":"https:\/\/petits-chanteurs-strasbourg.com\/index.php\/wp-json\/wp\/v2\/comments?post=4377"}],"version-history":[{"count":62,"href":"https:\/\/petits-chanteurs-strasbourg.com\/index.php\/wp-json\/wp\/v2\/pages\/4377\/revisions"}],"predecessor-version":[{"id":12236,"href":"https:\/\/petits-chanteurs-strasbourg.com\/index.php\/wp-json\/wp\/v2\/pages\/4377\/revisions\/12236"}],"wp:attachment":[{"href":"https:\/\/petits-chanteurs-strasbourg.com\/index.php\/wp-json\/wp\/v2\/media?parent=4377"}],"curies":[{"name":"wp","href":"https:\/\/api.w.org\/{rel}","templated":true}]}}