{"id":4802,"date":"2023-02-10T00:46:38","date_gmt":"2023-02-09T23:46:38","guid":{"rendered":"http:\/\/preprod.petits-chanteurs-strasbourg.com\/?page_id=4802"},"modified":"2025-08-31T17:05:51","modified_gmt":"2025-08-31T15:05:51","slug":"nos-concerts","status":"publish","type":"page","link":"https:\/\/petits-chanteurs-strasbourg.com\/index.php\/nos-concerts\/","title":{"rendered":"Nos concerts"},"content":{"rendered":"\t\t<div data-elementor-type=\"wp-page\" data-elementor-id=\"4802\" class=\"elementor elementor-4802\">\n\t\t\t\t\t\t<section class=\"elementor-section elementor-top-section elementor-element elementor-element-974e9a7 elementor-section-boxed elementor-section-height-default elementor-section-height-default qodef-elementor-content-no\" data-id=\"974e9a7\" data-element_type=\"section\" data-e-type=\"section\">\n\t\t\t\t\t\t<div class=\"elementor-container elementor-column-gap-default\">\n\t\t\t\t\t<div class=\"elementor-column elementor-col-100 elementor-top-column elementor-element elementor-element-14dcc7a\" data-id=\"14dcc7a\" data-element_type=\"column\" data-e-type=\"column\">\n\t\t\t<div class=\"elementor-widget-wrap elementor-element-populated\">\n\t\t\t\t\t\t<div class=\"elementor-element elementor-element-1acd94e elementor-widget elementor-widget-heading\" data-id=\"1acd94e\" data-element_type=\"widget\" data-e-type=\"widget\" data-widget_type=\"heading.default\">\n\t\t\t\t<div class=\"elementor-widget-container\">\n\t\t\t\t\t<h2 class=\"elementor-heading-title elementor-size-default\">Concerts de  la saison 2025 - 2026<\/h2>\t\t\t\t<\/div>\n\t\t\t\t<\/div>\n\t\t\t\t\t<\/div>\n\t\t<\/div>\n\t\t\t\t\t<\/div>\n\t\t<\/section>\n\t\t\t\t<section class=\"elementor-section elementor-top-section elementor-element elementor-element-20fb607 elementor-section-boxed elementor-section-height-default elementor-section-height-default qodef-elementor-content-no\" data-id=\"20fb607\" data-element_type=\"section\" data-e-type=\"section\">\n\t\t\t\t\t\t<div class=\"elementor-container elementor-column-gap-default\">\n\t\t\t\t\t<div class=\"elementor-column elementor-col-100 elementor-top-column elementor-element elementor-element-ec6161d\" data-id=\"ec6161d\" data-element_type=\"column\" data-e-type=\"column\">\n\t\t\t<div class=\"elementor-widget-wrap elementor-element-populated\">\n\t\t\t\t\t\t<div class=\"elementor-element elementor-element-79faddd elementor-widget elementor-widget-spacer\" data-id=\"79faddd\" data-element_type=\"widget\" data-e-type=\"widget\" data-widget_type=\"spacer.default\">\n\t\t\t\t<div class=\"elementor-widget-container\">\n\t\t\t\t\t\t\t<div class=\"elementor-spacer\">\n\t\t\t<div class=\"elementor-spacer-inner\"><\/div>\n\t\t<\/div>\n\t\t\t\t\t\t<\/div>\n\t\t\t\t<\/div>\n\t\t\t\t\t<\/div>\n\t\t<\/div>\n\t\t\t\t\t<\/div>\n\t\t<\/section>\n\t\t\t\t<section class=\"elementor-section elementor-top-section elementor-element elementor-element-dc35267 elementor-section-boxed elementor-section-height-default elementor-section-height-default qodef-elementor-content-no\" data-id=\"dc35267\" data-element_type=\"section\" data-e-type=\"section\">\n\t\t\t\t\t\t<div class=\"elementor-container elementor-column-gap-default\">\n\t\t\t\t\t<div class=\"elementor-column elementor-col-100 elementor-top-column elementor-element elementor-element-e496c42\" data-id=\"e496c42\" data-element_type=\"column\" data-e-type=\"column\">\n\t\t\t<div class=\"elementor-widget-wrap elementor-element-populated\">\n\t\t\t\t\t\t<div class=\"elementor-element elementor-element-82c32ea elementor-widget elementor-widget-qi_addons_for_elementor_blog_list\" data-id=\"82c32ea\" data-element_type=\"widget\" data-e-type=\"widget\" data-widget_type=\"qi_addons_for_elementor_blog_list.default\">\n\t\t\t\t<div class=\"elementor-widget-container\">\n\t\t\t\t\t<div class=\"qodef-shortcode qodef-m qodef-addons-blog-list qodef-info-no-icons qodef-image--hover-zoom qodef-qi-grid qodef-layout--qi-columns qodef-col-num--3 qodef-item-layout--boxed qodef-responsive--predefined\" >\n\t<div class=\"qodef-grid-inner\">\n\t\t<article class=\"qodef-e qodef-blog-item qodef-grid-item qodef-item--full post-12930 post type-post status-publish format-standard has-post-thumbnail hentry category-concerts-et-spectacles-2025-2026\">\n\t<div class=\"qodef-e-inner\">\n\t\t<div class=\"qodef-e-media-holder\">\n\t\t\t<div class=\"qodef-e-media\">\n\t\t<div class=\"qodef-e-media-image\">\n\t\t<a itemprop=\"url\" href=\"https:\/\/petits-chanteurs-strasbourg.com\/index.php\/2025\/08\/30\/dixit-dominus\/\">\n\t\t\t<img fetchpriority=\"high\" decoding=\"async\" width=\"214\" height=\"300\" src=\"https:\/\/petits-chanteurs-strasbourg.com\/wp-content\/uploads\/2025\/08\/Capture-decran-2025-08-30-a-12.27.45-e1756558166655.png\" class=\"attachment-full size-full\" alt=\"\" \/>\t\t<\/a>\n\t\t\t<\/div>\n<\/div>\n\t\t<\/div>\n\t\t<div class=\"qodef-e-content\">\n\t\t\t\t\t\t<div class=\"qodef-e-text\">\n\t\t\t\t<h5 itemprop=\"name\" class=\"qodef-e-title entry-title\">\n\t<a itemprop=\"url\" class=\"qodef-e-title-link\" href=\"https:\/\/petits-chanteurs-strasbourg.com\/index.php\/2025\/08\/30\/dixit-dominus\/\">\n\t\tDixit Dominus\t<\/a>\n<\/h5>\n\t\t<p itemprop=\"description\" class=\"qodef-e-excerpt\">\n\t\t\tLe 4 octobre 2025 \u00e0 la Coll\u00e9giale Saint-R\u00e9mi \u00e0 F\u00e9n\u00e9trange. Dans le cadre du Festival.\t\t<\/p>\n\t\t\t\t<\/div>\n\t\t\t\t\t\t\t<div class=\"qodef-e-info qodef-info--bottom\">\n\t\t\t\t\t\t<div class=\"qodef-e-read-more\">\n\t\t<a class=\"qodef-shortcode qodef-m qodef-qi-button qodef-html--link qodef-layout--filled qodef-type--standard qodef-icon--right qodef-hover--icon-move-horizontal-short\" href=\"https:\/\/petits-chanteurs-strasbourg.com\/index.php\/2025\/08\/30\/dixit-dominus\/\" target=\"_self\">\t<span class=\"qodef-m-text\">Lire la suite<\/span>\t<\/a>\t<\/div>\n\t\t\t\t<\/div>\n\t\t\t\t\t<\/div>\n\t<\/div>\n<\/article>\n<article class=\"qodef-e qodef-blog-item qodef-grid-item qodef-item--full post-12938 post type-post status-publish format-standard has-post-thumbnail hentry category-concerts-et-spectacles-2025-2026\">\n\t<div class=\"qodef-e-inner\">\n\t\t<div class=\"qodef-e-media-holder\">\n\t\t\t<div class=\"qodef-e-media\">\n\t\t<div class=\"qodef-e-media-image\">\n\t\t<a itemprop=\"url\" href=\"https:\/\/petits-chanteurs-strasbourg.com\/index.php\/2025\/08\/30\/concert-de-noel-2\/\">\n\t\t\t<img decoding=\"async\" width=\"214\" height=\"300\" src=\"https:\/\/petits-chanteurs-strasbourg.com\/wp-content\/uploads\/2025\/08\/Capture-decran-2025-11-07-a-19.31.27-e1762540346703.png\" class=\"attachment-full size-full\" alt=\"\" \/>\t\t<\/a>\n\t\t\t<\/div>\n<\/div>\n\t\t<\/div>\n\t\t<div class=\"qodef-e-content\">\n\t\t\t\t\t\t<div class=\"qodef-e-text\">\n\t\t\t\t<h5 itemprop=\"name\" class=\"qodef-e-title entry-title\">\n\t<a itemprop=\"url\" class=\"qodef-e-title-link\" href=\"https:\/\/petits-chanteurs-strasbourg.com\/index.php\/2025\/08\/30\/concert-de-noel-2\/\">\n\t\tCONCERT DE NO\u00cbL\t<\/a>\n<\/h5>\n\t\t<p itemprop=\"description\" class=\"qodef-e-excerpt\">\n\t\t\tLe 5 d\u00e9cembre 2025 \u00e0 l&#039;\u00c9glise R\u00e9form\u00e9e du Bouclier, Strasbourg et le 8 d\u00e9cembre 2025 au Temple Neuf, Strasbourg.\t\t<\/p>\n\t\t\t\t<\/div>\n\t\t\t\t\t\t\t<div class=\"qodef-e-info qodef-info--bottom\">\n\t\t\t\t\t\t<div class=\"qodef-e-read-more\">\n\t\t<a class=\"qodef-shortcode qodef-m qodef-qi-button qodef-html--link qodef-layout--filled qodef-type--standard qodef-icon--right qodef-hover--icon-move-horizontal-short\" href=\"https:\/\/petits-chanteurs-strasbourg.com\/index.php\/2025\/08\/30\/concert-de-noel-2\/\" target=\"_self\">\t<span class=\"qodef-m-text\">Lire la suite<\/span>\t<\/a>\t<\/div>\n\t\t\t\t<\/div>\n\t\t\t\t\t<\/div>\n\t<\/div>\n<\/article>\n<article class=\"qodef-e qodef-blog-item qodef-grid-item qodef-item--full post-12963 post type-post status-publish format-standard has-post-thumbnail hentry category-concerts-et-spectacles-2025-2026\">\n\t<div class=\"qodef-e-inner\">\n\t\t<div class=\"qodef-e-media-holder\">\n\t\t\t<div class=\"qodef-e-media\">\n\t\t<div class=\"qodef-e-media-image\">\n\t\t<a itemprop=\"url\" href=\"https:\/\/petits-chanteurs-strasbourg.com\/index.php\/2025\/08\/30\/hansel-et-gretel\/\">\n\t\t\t<img decoding=\"async\" width=\"212\" height=\"300\" src=\"https:\/\/petits-chanteurs-strasbourg.com\/wp-content\/uploads\/2025\/08\/Capture-decran-2025-08-30-a-12.28.50-e1756638226219.png\" class=\"attachment-full size-full\" alt=\"\" \/>\t\t<\/a>\n\t\t\t<\/div>\n<\/div>\n\t\t<\/div>\n\t\t<div class=\"qodef-e-content\">\n\t\t\t\t\t\t<div class=\"qodef-e-text\">\n\t\t\t\t<h5 itemprop=\"name\" class=\"qodef-e-title entry-title\">\n\t<a itemprop=\"url\" class=\"qodef-e-title-link\" href=\"https:\/\/petits-chanteurs-strasbourg.com\/index.php\/2025\/08\/30\/hansel-et-gretel\/\">\n\t\tHansel et Gretel\t<\/a>\n<\/h5>\n\t\t<p itemprop=\"description\" class=\"qodef-e-excerpt\">\n\t\t\tDu 7 au 17 d\u00e9cembre 2025 \u00e0 L&#039;Op\u00e9ra national du Rhin et les 9 et 1 janvier \u00e0 La Filature de Mulhouse.\t\t<\/p>\n\t\t\t\t<\/div>\n\t\t\t\t\t\t\t<div class=\"qodef-e-info qodef-info--bottom\">\n\t\t\t\t\t\t<div class=\"qodef-e-read-more\">\n\t\t<a class=\"qodef-shortcode qodef-m qodef-qi-button qodef-html--link qodef-layout--filled qodef-type--standard qodef-icon--right qodef-hover--icon-move-horizontal-short\" href=\"https:\/\/petits-chanteurs-strasbourg.com\/index.php\/2025\/08\/30\/hansel-et-gretel\/\" target=\"_self\">\t<span class=\"qodef-m-text\">Lire la suite<\/span>\t<\/a>\t<\/div>\n\t\t\t\t<\/div>\n\t\t\t\t\t<\/div>\n\t<\/div>\n<\/article>\n<article class=\"qodef-e qodef-blog-item qodef-grid-item qodef-item--full post-12945 post type-post status-publish format-standard has-post-thumbnail hentry category-concerts-et-spectacles-2025-2026\">\n\t<div class=\"qodef-e-inner\">\n\t\t<div class=\"qodef-e-media-holder\">\n\t\t\t<div class=\"qodef-e-media\">\n\t\t<div class=\"qodef-e-media-image\">\n\t\t<a itemprop=\"url\" href=\"https:\/\/petits-chanteurs-strasbourg.com\/index.php\/2025\/08\/31\/messias-dixit\/\">\n\t\t\t<img loading=\"lazy\" decoding=\"async\" width=\"212\" height=\"300\" src=\"https:\/\/petits-chanteurs-strasbourg.com\/wp-content\/uploads\/2025\/08\/2025-07-02-Poster_01-Noel-copia-3-e1756636107394.jpg\" class=\"attachment-full size-full\" alt=\"\" \/>\t\t<\/a>\n\t\t\t<\/div>\n<\/div>\n\t\t<\/div>\n\t\t<div class=\"qodef-e-content\">\n\t\t\t\t\t\t<div class=\"qodef-e-text\">\n\t\t\t\t<h5 itemprop=\"name\" class=\"qodef-e-title entry-title\">\n\t<a itemprop=\"url\" class=\"qodef-e-title-link\" href=\"https:\/\/petits-chanteurs-strasbourg.com\/index.php\/2025\/08\/31\/messias-dixit\/\">\n\t\tMESSIAS DIXIT\t<\/a>\n<\/h5>\n\t\t<p itemprop=\"description\" class=\"qodef-e-excerpt\">\n\t\t\tLes 13 et 14 d\u00e9cembre 2025 au Temple Neuf \u00e0 Strasbourg.\nConcert participatif avec orchestre sur instruments anciens.\t\t<\/p>\n\t\t\t\t<\/div>\n\t\t\t\t\t\t\t<div class=\"qodef-e-info qodef-info--bottom\">\n\t\t\t\t\t\t<div class=\"qodef-e-read-more\">\n\t\t<a class=\"qodef-shortcode qodef-m qodef-qi-button qodef-html--link qodef-layout--filled qodef-type--standard qodef-icon--right qodef-hover--icon-move-horizontal-short\" href=\"https:\/\/petits-chanteurs-strasbourg.com\/index.php\/2025\/08\/31\/messias-dixit\/\" target=\"_self\">\t<span class=\"qodef-m-text\">Lire la suite<\/span>\t<\/a>\t<\/div>\n\t\t\t\t<\/div>\n\t\t\t\t\t<\/div>\n\t<\/div>\n<\/article>\n<article class=\"qodef-e qodef-blog-item qodef-grid-item qodef-item--full post-12952 post type-post status-publish format-standard has-post-thumbnail hentry category-concerts-et-spectacles-2025-2026\">\n\t<div class=\"qodef-e-inner\">\n\t\t<div class=\"qodef-e-media-holder\">\n\t\t\t<div class=\"qodef-e-media\">\n\t\t<div class=\"qodef-e-media-image\">\n\t\t<a itemprop=\"url\" href=\"https:\/\/petits-chanteurs-strasbourg.com\/index.php\/2025\/08\/31\/quand-lhiver-arrive\/\">\n\t\t\t<img loading=\"lazy\" decoding=\"async\" width=\"211\" height=\"300\" src=\"https:\/\/petits-chanteurs-strasbourg.com\/wp-content\/uploads\/2025\/08\/Capture-decran-2025-11-07-a-19.25.21-e1762539983180.png\" class=\"attachment-full size-full\" alt=\"\" \/>\t\t<\/a>\n\t\t\t<\/div>\n<\/div>\n\t\t<\/div>\n\t\t<div class=\"qodef-e-content\">\n\t\t\t\t\t\t<div class=\"qodef-e-text\">\n\t\t\t\t<h5 itemprop=\"name\" class=\"qodef-e-title entry-title\">\n\t<a itemprop=\"url\" class=\"qodef-e-title-link\" href=\"https:\/\/petits-chanteurs-strasbourg.com\/index.php\/2025\/08\/31\/quand-lhiver-arrive\/\">\n\t\tQuand l&rsquo;hiver arrive\t<\/a>\n<\/h5>\n\t\t<p itemprop=\"description\" class=\"qodef-e-excerpt\">\n\t\t\tLe 16 d\u00e9cembre 2025 \u00e0 18h30, au Foyer Saint-Paul de Koenigshoffen \u00e0 Strasbourg\t\t<\/p>\n\t\t\t\t<\/div>\n\t\t\t\t\t\t\t<div class=\"qodef-e-info qodef-info--bottom\">\n\t\t\t\t\t\t<div class=\"qodef-e-read-more\">\n\t\t<a class=\"qodef-shortcode qodef-m qodef-qi-button qodef-html--link qodef-layout--filled qodef-type--standard qodef-icon--right qodef-hover--icon-move-horizontal-short\" href=\"https:\/\/petits-chanteurs-strasbourg.com\/index.php\/2025\/08\/31\/quand-lhiver-arrive\/\" target=\"_self\">\t<span class=\"qodef-m-text\">Lire la suite<\/span>\t<\/a>\t<\/div>\n\t\t\t\t<\/div>\n\t\t\t\t\t<\/div>\n\t<\/div>\n<\/article>\n<article class=\"qodef-e qodef-blog-item qodef-grid-item qodef-item--full post-12970 post type-post status-publish format-standard has-post-thumbnail hentry category-concerts-et-spectacles-2025-2026\">\n\t<div class=\"qodef-e-inner\">\n\t\t<div class=\"qodef-e-media-holder\">\n\t\t\t<div class=\"qodef-e-media\">\n\t\t<div class=\"qodef-e-media-image\">\n\t\t<a itemprop=\"url\" href=\"https:\/\/petits-chanteurs-strasbourg.com\/index.php\/2025\/08\/31\/messias-dixit-2\/\">\n\t\t\t<img loading=\"lazy\" decoding=\"async\" width=\"212\" height=\"300\" src=\"https:\/\/petits-chanteurs-strasbourg.com\/wp-content\/uploads\/2025\/08\/2025-07-02-Poster_01-Noel-copia-4-e1756639036561.jpg\" class=\"attachment-full size-full\" alt=\"\" \/>\t\t<\/a>\n\t\t\t<\/div>\n<\/div>\n\t\t<\/div>\n\t\t<div class=\"qodef-e-content\">\n\t\t\t\t\t\t<div class=\"qodef-e-text\">\n\t\t\t\t<h5 itemprop=\"name\" class=\"qodef-e-title entry-title\">\n\t<a itemprop=\"url\" class=\"qodef-e-title-link\" href=\"https:\/\/petits-chanteurs-strasbourg.com\/index.php\/2025\/08\/31\/messias-dixit-2\/\">\n\t\tMessias dixit\t<\/a>\n<\/h5>\n\t\t<p itemprop=\"description\" class=\"qodef-e-excerpt\">\n\t\t\tLe 19 d\u00e9cembre 2025 \u00e0 20h au Moulin9 \u00e0 Niederbronn et le 24 janvier 2026 \u00e0 18h \u00e0 l&#039;\u00c9glise Saint-Nicolas de Sarreguemines\t\t<\/p>\n\t\t\t\t<\/div>\n\t\t\t\t\t\t\t<div class=\"qodef-e-info qodef-info--bottom\">\n\t\t\t\t\t\t<div class=\"qodef-e-read-more\">\n\t\t<a class=\"qodef-shortcode qodef-m qodef-qi-button qodef-html--link qodef-layout--filled qodef-type--standard qodef-icon--right qodef-hover--icon-move-horizontal-short\" href=\"https:\/\/petits-chanteurs-strasbourg.com\/index.php\/2025\/08\/31\/messias-dixit-2\/\" target=\"_self\">\t<span class=\"qodef-m-text\">Lire la suite<\/span>\t<\/a>\t<\/div>\n\t\t\t\t<\/div>\n\t\t\t\t\t<\/div>\n\t<\/div>\n<\/article>\n<article class=\"qodef-e qodef-blog-item qodef-grid-item qodef-item--full post-12978 post type-post status-publish format-standard has-post-thumbnail hentry category-concerts-et-spectacles-2025-2026\">\n\t<div class=\"qodef-e-inner\">\n\t\t<div class=\"qodef-e-media-holder\">\n\t\t\t<div class=\"qodef-e-media\">\n\t\t<div class=\"qodef-e-media-image\">\n\t\t<a itemprop=\"url\" href=\"https:\/\/petits-chanteurs-strasbourg.com\/index.php\/2025\/08\/31\/la-pachamama\/\">\n\t\t\t<img loading=\"lazy\" decoding=\"async\" width=\"212\" height=\"300\" src=\"https:\/\/petits-chanteurs-strasbourg.com\/wp-content\/uploads\/2025\/08\/Capture-decran-2025-08-31-a-13.35.25-e1756640175910.png\" class=\"attachment-full size-full\" alt=\"\" \/>\t\t<\/a>\n\t\t\t<\/div>\n<\/div>\n\t\t<\/div>\n\t\t<div class=\"qodef-e-content\">\n\t\t\t\t\t\t<div class=\"qodef-e-text\">\n\t\t\t\t<h5 itemprop=\"name\" class=\"qodef-e-title entry-title\">\n\t<a itemprop=\"url\" class=\"qodef-e-title-link\" href=\"https:\/\/petits-chanteurs-strasbourg.com\/index.php\/2025\/08\/31\/la-pachamama\/\">\n\t\tLa Pachamama, l&rsquo;eau et l&rsquo;air\t<\/a>\n<\/h5>\n\t\t<p itemprop=\"description\" class=\"qodef-e-excerpt\">\n\t\t\tLe 14 mars 2026 \u00e0 16h30 au Parlement Europ\u00e9en de Strasbourg\t\t<\/p>\n\t\t\t\t<\/div>\n\t\t\t\t\t\t\t<div class=\"qodef-e-info qodef-info--bottom\">\n\t\t\t\t\t\t<div class=\"qodef-e-read-more\">\n\t\t<a class=\"qodef-shortcode qodef-m qodef-qi-button qodef-html--link qodef-layout--filled qodef-type--standard qodef-icon--right qodef-hover--icon-move-horizontal-short\" href=\"https:\/\/petits-chanteurs-strasbourg.com\/index.php\/2025\/08\/31\/la-pachamama\/\" target=\"_self\">\t<span class=\"qodef-m-text\">Lire la suite<\/span>\t<\/a>\t<\/div>\n\t\t\t\t<\/div>\n\t\t\t\t\t<\/div>\n\t<\/div>\n<\/article>\n<article class=\"qodef-e qodef-blog-item qodef-grid-item qodef-item--full post-12985 post type-post status-publish format-standard has-post-thumbnail hentry category-concerts-et-spectacles-2025-2026\">\n\t<div class=\"qodef-e-inner\">\n\t\t<div class=\"qodef-e-media-holder\">\n\t\t\t<div class=\"qodef-e-media\">\n\t\t<div class=\"qodef-e-media-image\">\n\t\t<a itemprop=\"url\" href=\"https:\/\/petits-chanteurs-strasbourg.com\/index.php\/2025\/08\/31\/voix-celtes-voix-dici\/\">\n\t\t\t<img loading=\"lazy\" decoding=\"async\" width=\"213\" height=\"300\" src=\"https:\/\/petits-chanteurs-strasbourg.com\/wp-content\/uploads\/2025\/08\/Capture-decran-2025-08-30-a-12.50.05-e1756640525173.png\" class=\"attachment-full size-full\" alt=\"\" \/>\t\t<\/a>\n\t\t\t<\/div>\n<\/div>\n\t\t<\/div>\n\t\t<div class=\"qodef-e-content\">\n\t\t\t\t\t\t<div class=\"qodef-e-text\">\n\t\t\t\t<h5 itemprop=\"name\" class=\"qodef-e-title entry-title\">\n\t<a itemprop=\"url\" class=\"qodef-e-title-link\" href=\"https:\/\/petits-chanteurs-strasbourg.com\/index.php\/2025\/08\/31\/voix-celtes-voix-dici\/\">\n\t\tVoix celtes, voix d&rsquo;ici\t<\/a>\n<\/h5>\n\t\t<p itemprop=\"description\" class=\"qodef-e-excerpt\">\n\t\t\tLe 31 mars 2026 \u00e0 20h \u00e0 l&#039;Op\u00e9ra de Strasbourg, l&#039;Heure Lyrique est consacr\u00e9e \u00e0 la Ma\u00eetrise.\t\t<\/p>\n\t\t\t\t<\/div>\n\t\t\t\t\t\t\t<div class=\"qodef-e-info qodef-info--bottom\">\n\t\t\t\t\t\t<div class=\"qodef-e-read-more\">\n\t\t<a class=\"qodef-shortcode qodef-m qodef-qi-button qodef-html--link qodef-layout--filled qodef-type--standard qodef-icon--right qodef-hover--icon-move-horizontal-short\" href=\"https:\/\/petits-chanteurs-strasbourg.com\/index.php\/2025\/08\/31\/voix-celtes-voix-dici\/\" target=\"_self\">\t<span class=\"qodef-m-text\">Lire la suite<\/span>\t<\/a>\t<\/div>\n\t\t\t\t<\/div>\n\t\t\t\t\t<\/div>\n\t<\/div>\n<\/article>\n<article class=\"qodef-e qodef-blog-item qodef-grid-item qodef-item--full post-12991 post type-post status-publish format-standard has-post-thumbnail hentry category-concerts-et-spectacles-2025-2026 category-prochaines-dates\">\n\t<div class=\"qodef-e-inner\">\n\t\t<div class=\"qodef-e-media-holder\">\n\t\t\t<div class=\"qodef-e-media\">\n\t\t<div class=\"qodef-e-media-image\">\n\t\t<a itemprop=\"url\" href=\"https:\/\/petits-chanteurs-strasbourg.com\/index.php\/2025\/08\/31\/tournee-de-printemps\/\">\n\t\t\t<img loading=\"lazy\" decoding=\"async\" width=\"212\" height=\"300\" src=\"https:\/\/petits-chanteurs-strasbourg.com\/wp-content\/uploads\/2026\/04\/Unknown-e1775050018755.jpeg\" class=\"attachment-full size-full\" alt=\"\" \/>\t\t<\/a>\n\t\t\t<\/div>\n<\/div>\n\t\t<\/div>\n\t\t<div class=\"qodef-e-content\">\n\t\t\t\t\t\t<div class=\"qodef-e-text\">\n\t\t\t\t<h5 itemprop=\"name\" class=\"qodef-e-title entry-title\">\n\t<a itemprop=\"url\" class=\"qodef-e-title-link\" href=\"https:\/\/petits-chanteurs-strasbourg.com\/index.php\/2025\/08\/31\/tournee-de-printemps\/\">\n\t\tTourn\u00e9e de Printemps\t<\/a>\n<\/h5>\n\t\t<p itemprop=\"description\" class=\"qodef-e-excerpt\">\n\t\t\tDu 11 au 18 avril 2026, la Ma\u00eetrise part en tourn\u00e9e en Belgique en passant par Metz.\t\t<\/p>\n\t\t\t\t<\/div>\n\t\t\t\t\t\t\t<div class=\"qodef-e-info qodef-info--bottom\">\n\t\t\t\t\t\t<div class=\"qodef-e-read-more\">\n\t\t<a class=\"qodef-shortcode qodef-m qodef-qi-button qodef-html--link qodef-layout--filled qodef-type--standard qodef-icon--right qodef-hover--icon-move-horizontal-short\" href=\"https:\/\/petits-chanteurs-strasbourg.com\/index.php\/2025\/08\/31\/tournee-de-printemps\/\" target=\"_self\">\t<span class=\"qodef-m-text\">Lire la suite<\/span>\t<\/a>\t<\/div>\n\t\t\t\t<\/div>\n\t\t\t\t\t<\/div>\n\t<\/div>\n<\/article>\n<article class=\"qodef-e qodef-blog-item qodef-grid-item qodef-item--full post-13005 post type-post status-publish format-standard has-post-thumbnail hentry category-concerts-et-spectacles-2025-2026 category-prochaines-dates\">\n\t<div class=\"qodef-e-inner\">\n\t\t<div class=\"qodef-e-media-holder\">\n\t\t\t<div class=\"qodef-e-media\">\n\t\t<div class=\"qodef-e-media-image\">\n\t\t<a itemprop=\"url\" href=\"https:\/\/petits-chanteurs-strasbourg.com\/index.php\/2025\/08\/31\/les-environnements\/\">\n\t\t\t<img loading=\"lazy\" decoding=\"async\" width=\"211\" height=\"300\" src=\"https:\/\/petits-chanteurs-strasbourg.com\/wp-content\/uploads\/2025\/08\/Capture-decran-2025-11-12-a-19.04.44-e1762970798200.png\" class=\"attachment-full size-full\" alt=\"\" \/>\t\t<\/a>\n\t\t\t<\/div>\n<\/div>\n\t\t<\/div>\n\t\t<div class=\"qodef-e-content\">\n\t\t\t\t\t\t<div class=\"qodef-e-text\">\n\t\t\t\t<h5 itemprop=\"name\" class=\"qodef-e-title entry-title\">\n\t<a itemprop=\"url\" class=\"qodef-e-title-link\" href=\"https:\/\/petits-chanteurs-strasbourg.com\/index.php\/2025\/08\/31\/les-environnements\/\">\n\t\tLes environnements\t<\/a>\n<\/h5>\n\t\t<p itemprop=\"description\" class=\"qodef-e-excerpt\">\n\t\t\tLe 14 juin 2026, au Z\u00e9nith-Europe de Strasbourg.\nSpectacle participatif\t\t<\/p>\n\t\t\t\t<\/div>\n\t\t\t\t\t\t\t<div class=\"qodef-e-info qodef-info--bottom\">\n\t\t\t\t\t\t<div class=\"qodef-e-read-more\">\n\t\t<a class=\"qodef-shortcode qodef-m qodef-qi-button qodef-html--link qodef-layout--filled qodef-type--standard qodef-icon--right qodef-hover--icon-move-horizontal-short\" href=\"https:\/\/petits-chanteurs-strasbourg.com\/index.php\/2025\/08\/31\/les-environnements\/\" target=\"_self\">\t<span class=\"qodef-m-text\">Lire la suite<\/span>\t<\/a>\t<\/div>\n\t\t\t\t<\/div>\n\t\t\t\t\t<\/div>\n\t<\/div>\n<\/article>\n\t<\/div>\n\t<\/div>\n\t\t\t\t<\/div>\n\t\t\t\t<\/div>\n\t\t\t\t\t<\/div>\n\t\t<\/div>\n\t\t\t\t\t<\/div>\n\t\t<\/section>\n\t\t\t\t<section class=\"elementor-section elementor-top-section elementor-element elementor-element-8555201 elementor-section-boxed elementor-section-height-default elementor-section-height-default qodef-elementor-content-no\" data-id=\"8555201\" data-element_type=\"section\" data-e-type=\"section\">\n\t\t\t\t\t\t<div class=\"elementor-container elementor-column-gap-default\">\n\t\t\t\t\t<div class=\"elementor-column elementor-col-100 elementor-top-column elementor-element elementor-element-07e60cc\" data-id=\"07e60cc\" data-element_type=\"column\" data-e-type=\"column\">\n\t\t\t<div class=\"elementor-widget-wrap elementor-element-populated\">\n\t\t\t\t\t\t<div class=\"elementor-element elementor-element-c451d9c elementor-align-center elementor-widget elementor-widget-button\" data-id=\"c451d9c\" data-element_type=\"widget\" data-e-type=\"widget\" data-widget_type=\"button.default\">\n\t\t\t\t<div class=\"elementor-widget-container\">\n\t\t\t\t\t\t\t\t\t<div class=\"elementor-button-wrapper\">\n\t\t\t\t\t<a class=\"elementor-button elementor-button-link elementor-size-sm\" href=\"https:\/\/petits-chanteurs-strasbourg.com\/index.php\/saisons\/\">\n\t\t\t\t\t\t<span class=\"elementor-button-content-wrapper\">\n\t\t\t\t\t\t\t\t\t<span class=\"elementor-button-text\">RETOUR<\/span>\n\t\t\t\t\t<\/span>\n\t\t\t\t\t<\/a>\n\t\t\t\t<\/div>\n\t\t\t\t\t\t\t\t<\/div>\n\t\t\t\t<\/div>\n\t\t\t\t\t<\/div>\n\t\t<\/div>\n\t\t\t\t\t<\/div>\n\t\t<\/section>\n\t\t\t\t<\/div>\n\t\t","protected":false},"excerpt":{"rendered":"<p>Concerts de la saison 2025 &#8211; 2026 Dixit Dominus Le 4 octobre 2025 \u00e0 la Coll\u00e9giale Saint-R\u00e9mi \u00e0 F\u00e9n\u00e9trange. Dans le cadre du Festival. Lire la suite CONCERT DE NO\u00cbL 5 d\u00e9cembre 2025 \u00e0 l&#039;\u00c9glise R\u00e9form\u00e9e du Bouclier, Strasbourg. Lire la suite Hansel et Gretel Du 7 au 17 d\u00e9cembre 2025 \u00e0 L&#039;Op\u00e9ra national du [&hellip;]<\/p>\n","protected":false},"author":2,"featured_media":0,"parent":0,"menu_order":0,"comment_status":"closed","ping_status":"closed","template":"elementor_header_footer","meta":{"_bbp_topic_count":0,"_bbp_reply_count":0,"_bbp_total_topic_count":0,"_bbp_total_reply_count":0,"_bbp_voice_count":0,"_bbp_anonymous_reply_count":0,"_bbp_topic_count_hidden":0,"_bbp_reply_count_hidden":0,"_bbp_forum_subforum_count":0,"footnotes":""},"class_list":["post-4802","page","type-page","status-publish","hentry"],"_links":{"self":[{"href":"https:\/\/petits-chanteurs-strasbourg.com\/index.php\/wp-json\/wp\/v2\/pages\/4802","targetHints":{"allow":["GET"]}}],"collection":[{"href":"https:\/\/petits-chanteurs-strasbourg.com\/index.php\/wp-json\/wp\/v2\/pages"}],"about":[{"href":"https:\/\/petits-chanteurs-strasbourg.com\/index.php\/wp-json\/wp\/v2\/types\/page"}],"author":[{"embeddable":true,"href":"https:\/\/petits-chanteurs-strasbourg.com\/index.php\/wp-json\/wp\/v2\/users\/2"}],"replies":[{"embeddable":true,"href":"https:\/\/petits-chanteurs-strasbourg.com\/index.php\/wp-json\/wp\/v2\/comments?post=4802"}],"version-history":[{"count":49,"href":"https:\/\/petits-chanteurs-strasbourg.com\/index.php\/wp-json\/wp\/v2\/pages\/4802\/revisions"}],"predecessor-version":[{"id":13027,"href":"https:\/\/petits-chanteurs-strasbourg.com\/index.php\/wp-json\/wp\/v2\/pages\/4802\/revisions\/13027"}],"wp:attachment":[{"href":"https:\/\/petits-chanteurs-strasbourg.com\/index.php\/wp-json\/wp\/v2\/media?parent=4802"}],"curies":[{"name":"wp","href":"https:\/\/api.w.org\/{rel}","templated":true}]}}