{"id":5149,"date":"2023-02-12T01:24:34","date_gmt":"2023-02-12T00:24:34","guid":{"rendered":"https:\/\/preprod.petits-chanteurs-strasbourg.com\/?page_id=5149"},"modified":"2026-01-31T21:12:58","modified_gmt":"2026-01-31T20:12:58","slug":"rejoignez-nous","status":"publish","type":"page","link":"https:\/\/petits-chanteurs-strasbourg.com\/index.php\/rejoignez-nous\/","title":{"rendered":"Rejoignez-nous !"},"content":{"rendered":"\t\t<div data-elementor-type=\"wp-page\" data-elementor-id=\"5149\" class=\"elementor elementor-5149\">\n\t\t\t\t\t\t<section class=\"elementor-section elementor-top-section elementor-element elementor-element-b69676e elementor-section-boxed elementor-section-height-default elementor-section-height-default qodef-elementor-content-no\" data-id=\"b69676e\" data-element_type=\"section\" data-e-type=\"section\">\n\t\t\t\t\t\t<div class=\"elementor-container elementor-column-gap-default\">\n\t\t\t\t\t<div class=\"elementor-column elementor-col-100 elementor-top-column elementor-element elementor-element-d3579c8\" data-id=\"d3579c8\" data-element_type=\"column\" data-e-type=\"column\">\n\t\t\t<div class=\"elementor-widget-wrap elementor-element-populated\">\n\t\t\t\t\t\t<div class=\"elementor-element elementor-element-33f99cc elementor-widget elementor-widget-heading\" data-id=\"33f99cc\" data-element_type=\"widget\" data-e-type=\"widget\" data-widget_type=\"heading.default\">\n\t\t\t\t<div class=\"elementor-widget-container\">\n\t\t\t\t\t<h2 class=\"elementor-heading-title elementor-size-large\">la ma\u00eetrise recrute pour la saison prochaine<\/h2>\t\t\t\t<\/div>\n\t\t\t\t<\/div>\n\t\t\t\t\t<\/div>\n\t\t<\/div>\n\t\t\t\t\t<\/div>\n\t\t<\/section>\n\t\t\t\t<section class=\"elementor-section elementor-top-section elementor-element elementor-element-3e7f0e9 elementor-section-boxed elementor-section-height-default elementor-section-height-default qodef-elementor-content-no\" data-id=\"3e7f0e9\" data-element_type=\"section\" data-e-type=\"section\">\n\t\t\t\t\t\t<div class=\"elementor-container elementor-column-gap-default\">\n\t\t\t\t\t<div class=\"elementor-column elementor-col-100 elementor-top-column elementor-element elementor-element-b1ae00f\" data-id=\"b1ae00f\" data-element_type=\"column\" data-e-type=\"column\">\n\t\t\t<div class=\"elementor-widget-wrap elementor-element-populated\">\n\t\t\t\t\t\t<div class=\"elementor-element elementor-element-aee8094 elementor-widget elementor-widget-text-editor\" data-id=\"aee8094\" data-element_type=\"widget\" data-e-type=\"widget\" data-widget_type=\"text-editor.default\">\n\t\t\t\t<div class=\"elementor-widget-container\">\n\t\t\t\t\t\t\t\t\t<p class=\"p1\"><strong>Depuis 25 ans, les Petits Chanteurs de Strasbourg &#8211; Ma\u00eetrise de l\u2019Op\u00e9ra national du Rhin, illuminent la sc\u00e8ne musicale de Strasbourg et d\u2019Alsace. Avec un r\u00e9pertoire riche et vari\u00e9, et une immersion unique dans l\u2019univers captivant de l\u2019op\u00e9ra, nos jeunes choristes peuvent d\u00e9couvrir une exp\u00e9rience artistique et humaine riche et formatrice.<\/strong><\/p><p class=\"p1\">La Ma\u00eetrise est r\u00e9partie sur 3 sites avec le m\u00eame objectif d\u2019excellence artistique mais avec des sp\u00e9cificit\u00e9s (Classe \u00e0 horaire am\u00e9nag\u00e9 CHAM ou extrascolaire) :<\/p><p class=\"p1\"><strong>\u2022 site Op\u00e9ra : en horaire extra-scolaire au Grenier d\u2019abondance \u00e0 partir de CE1<\/strong><\/p><p class=\"p1\"><strong>\u2022 site des Romains : CHAM en horaire scolaire \u00e0 l\u2018\u00e9cole primaire des Romains, Koenigshoffen<\/strong><\/p><p class=\"p1\"><strong>\u2022 site Kl\u00e9ber : CHAM en horaire scolaire et p\u00e9riscolaire au coll\u00e8ge Kl\u00e9ber<\/strong><\/p><p class=\"p1\">La Ma\u00eetrise participe ainsi aux saisons de l\u2019Op\u00e9ra national du Rhin, mais elle brille \u00e9galement lors de concerts de son propre programme, explore de nouveaux horizons en tourn\u00e9es annuelles \u00e0 travers la France et \u00e0 l\u2019\u00e9tranger, et cr\u00e9e des liens profonds avec le public pour partager la joie et l\u2019exaltation que procure le chant choral gr\u00e2ce \u00e0 des concerts participatifs.<\/p>\t\t\t\t\t\t\t\t<\/div>\n\t\t\t\t<\/div>\n\t\t\t\t\t<\/div>\n\t\t<\/div>\n\t\t\t\t\t<\/div>\n\t\t<\/section>\n\t\t\t\t<section class=\"elementor-section elementor-top-section elementor-element elementor-element-8d90608 elementor-section-boxed elementor-section-height-default elementor-section-height-default qodef-elementor-content-no\" data-id=\"8d90608\" data-element_type=\"section\" data-e-type=\"section\">\n\t\t\t\t\t\t<div class=\"elementor-container elementor-column-gap-default\">\n\t\t\t\t\t<div class=\"elementor-column elementor-col-100 elementor-top-column elementor-element elementor-element-1455b6a\" data-id=\"1455b6a\" data-element_type=\"column\" data-e-type=\"column\">\n\t\t\t<div class=\"elementor-widget-wrap elementor-element-populated\">\n\t\t\t\t\t\t<div class=\"elementor-element elementor-element-bbac260 elementor-widget-divider--view-line elementor-widget elementor-widget-divider\" data-id=\"bbac260\" data-element_type=\"widget\" data-e-type=\"widget\" data-widget_type=\"divider.default\">\n\t\t\t\t<div class=\"elementor-widget-container\">\n\t\t\t\t\t\t\t<div class=\"elementor-divider\">\n\t\t\t<span class=\"elementor-divider-separator\">\n\t\t\t\t\t\t<\/span>\n\t\t<\/div>\n\t\t\t\t\t\t<\/div>\n\t\t\t\t<\/div>\n\t\t\t\t\t<\/div>\n\t\t<\/div>\n\t\t\t\t\t<\/div>\n\t\t<\/section>\n\t\t\t\t<section class=\"elementor-section elementor-top-section elementor-element elementor-element-d5a6e46 elementor-section-boxed elementor-section-height-default elementor-section-height-default qodef-elementor-content-no\" data-id=\"d5a6e46\" data-element_type=\"section\" data-e-type=\"section\">\n\t\t\t\t\t\t<div class=\"elementor-container elementor-column-gap-default\">\n\t\t\t\t\t<div class=\"elementor-column elementor-col-100 elementor-top-column elementor-element elementor-element-173f554\" data-id=\"173f554\" data-element_type=\"column\" data-e-type=\"column\">\n\t\t\t<div class=\"elementor-widget-wrap elementor-element-populated\">\n\t\t\t\t\t\t<div class=\"elementor-element elementor-element-6950c6b elementor-widget elementor-widget-text-editor\" data-id=\"6950c6b\" data-element_type=\"widget\" data-e-type=\"widget\" data-widget_type=\"text-editor.default\">\n\t\t\t\t<div class=\"elementor-widget-container\">\n\t\t\t\t\t\t\t\t\t<h3 class=\"p1\" style=\"text-align: center;\"><span class=\"s1\">Auditions<\/span><\/h3><p class=\"p2\"><strong>Site Kl\u00e9ber pour les futurs 6<span class=\"s2\">e<\/span> et 5<span class=\"s2\">e<\/span>.<\/strong><\/p><ul><li class=\"p2\">mer. <strong>29 avril 2026 apr\u00e8s-midi<\/strong> (date limite de candidatures : sam. <strong>4 avril 2026<\/strong>).<\/li><li class=\"p2\">R\u00e9union de pr\u00e9sentation le <strong>7 f\u00e9v. 2026<\/strong> \u00e0 <strong>10h<\/strong>, sur inscription.<\/li><\/ul><p class=\"p2\"><strong>Site des Romains pour les futurs CE2, CM1 et CM2 dans la limite des places disponibles.<\/strong><\/p><ul><li class=\"p2\">lun. <strong>27 avril 2026 matin<\/strong> (date limite de candidatures : sam. <strong>4 avril 2026<\/strong>).<\/li><\/ul><p class=\"p2\"><b>Site Op\u00e9ra <\/b><strong>: de 7 \u00e0 17 ans et ch\u0153ur d\u2019hommes (t\u00e9nors et basses de tous \u00e2ges)<\/strong><\/p><ul><li class=\"p2\"><strong>1<span class=\"s2\">e<\/span> tour<\/strong> le mer. <strong>17 juin 2026<\/strong>, <strong>2<span class=\"s2\">e<\/span> tour<\/strong> le <strong>24 juin<\/strong> (date limite de candidatures : ven. <strong>5 juin 2026<\/strong>)<\/li><\/ul>\t\t\t\t\t\t\t\t<\/div>\n\t\t\t\t<\/div>\n\t\t\t\t\t<\/div>\n\t\t<\/div>\n\t\t\t\t\t<\/div>\n\t\t<\/section>\n\t\t\t\t<section class=\"elementor-section elementor-top-section elementor-element elementor-element-f6b0038 elementor-section-boxed elementor-section-height-default elementor-section-height-default qodef-elementor-content-no\" data-id=\"f6b0038\" data-element_type=\"section\" data-e-type=\"section\">\n\t\t\t\t\t\t<div class=\"elementor-container elementor-column-gap-default\">\n\t\t\t\t\t<div class=\"elementor-column elementor-col-25 elementor-top-column elementor-element elementor-element-55dc25b\" data-id=\"55dc25b\" data-element_type=\"column\" data-e-type=\"column\">\n\t\t\t<div class=\"elementor-widget-wrap\">\n\t\t\t\t\t\t\t<\/div>\n\t\t<\/div>\n\t\t\t\t<div class=\"elementor-column elementor-col-50 elementor-top-column elementor-element elementor-element-31c8c81\" data-id=\"31c8c81\" data-element_type=\"column\" data-e-type=\"column\">\n\t\t\t<div class=\"elementor-widget-wrap elementor-element-populated\">\n\t\t\t\t\t\t<div class=\"elementor-element elementor-element-2c7bc79 elementor-widget elementor-widget-video\" data-id=\"2c7bc79\" data-element_type=\"widget\" data-e-type=\"widget\" data-settings=\"{&quot;youtube_url&quot;:&quot;https:\\\/\\\/youtu.be\\\/ceRqFzEmxOE?si=h_fAZrkZHjpXtjat&quot;,&quot;video_type&quot;:&quot;youtube&quot;,&quot;controls&quot;:&quot;yes&quot;}\" data-widget_type=\"video.default\">\n\t\t\t\t<div class=\"elementor-widget-container\">\n\t\t\t\t\t\t\t<div class=\"elementor-wrapper elementor-open-inline\">\n\t\t\t<div class=\"elementor-video\"><\/div>\t\t<\/div>\n\t\t\t\t\t\t<\/div>\n\t\t\t\t<\/div>\n\t\t\t\t\t<\/div>\n\t\t<\/div>\n\t\t\t\t<div class=\"elementor-column elementor-col-25 elementor-top-column elementor-element elementor-element-ee4ba02\" data-id=\"ee4ba02\" data-element_type=\"column\" data-e-type=\"column\">\n\t\t\t<div class=\"elementor-widget-wrap\">\n\t\t\t\t\t\t\t<\/div>\n\t\t<\/div>\n\t\t\t\t\t<\/div>\n\t\t<\/section>\n\t\t\t\t<section class=\"elementor-section elementor-top-section elementor-element elementor-element-db78fc8 elementor-section-boxed elementor-section-height-default elementor-section-height-default qodef-elementor-content-no\" data-id=\"db78fc8\" data-element_type=\"section\" data-e-type=\"section\">\n\t\t\t\t\t\t<div class=\"elementor-container elementor-column-gap-default\">\n\t\t\t\t\t<div class=\"elementor-column elementor-col-100 elementor-top-column elementor-element elementor-element-b8b92cc\" data-id=\"b8b92cc\" data-element_type=\"column\" data-e-type=\"column\">\n\t\t\t<div class=\"elementor-widget-wrap elementor-element-populated\">\n\t\t\t\t\t\t<div class=\"elementor-element elementor-element-76ba8ab elementor-widget elementor-widget-text-editor\" data-id=\"76ba8ab\" data-element_type=\"widget\" data-e-type=\"widget\" data-widget_type=\"text-editor.default\">\n\t\t\t\t<div class=\"elementor-widget-container\">\n\t\t\t\t\t\t\t\t\t<h5 class=\"p1\"><strong>Pour int\u00e9grer les Petits Chanteurs de Strasbourg &#8211; Ma\u00eetrise de l\u2019Op\u00e9ra national du Rhin :<\/strong><\/h5><ol><li class=\"p1\">Contactez-nous par courriel : <strong>maitrise@onr.fr<\/strong> d\u00e8s novembre 2025 en demandant un formulaire d\u2019inscription aux auditions.<\/li><li class=\"p1\">Compl\u00e9tez le formulaire en ligne avant le vendredi <strong>5 juin 2026<\/strong>, d\u00e9lai de rigueur.<\/li><\/ol><p class=\"p1\">Apr\u00e8s le 5 juin, la r\u00e9gie vous enverra une convocation \u00e0 l\u2019audition pour votre enfant (ou la v\u00f4tre, si vous \u00eates majeur).<\/p>\t\t\t\t\t\t\t\t<\/div>\n\t\t\t\t<\/div>\n\t\t\t\t\t<\/div>\n\t\t<\/div>\n\t\t\t\t\t<\/div>\n\t\t<\/section>\n\t\t\t\t<section class=\"elementor-section elementor-top-section elementor-element elementor-element-2001fec elementor-section-boxed elementor-section-height-default elementor-section-height-default qodef-elementor-content-no\" data-id=\"2001fec\" data-element_type=\"section\" data-e-type=\"section\">\n\t\t\t\t\t\t<div class=\"elementor-container elementor-column-gap-default\">\n\t\t\t\t\t<div class=\"elementor-column elementor-col-100 elementor-top-column elementor-element elementor-element-aadeba4\" data-id=\"aadeba4\" data-element_type=\"column\" data-e-type=\"column\">\n\t\t\t<div class=\"elementor-widget-wrap elementor-element-populated\">\n\t\t\t\t\t\t<div class=\"elementor-element elementor-element-d75a877 elementor-widget-divider--view-line elementor-widget elementor-widget-divider\" data-id=\"d75a877\" data-element_type=\"widget\" data-e-type=\"widget\" data-widget_type=\"divider.default\">\n\t\t\t\t<div class=\"elementor-widget-container\">\n\t\t\t\t\t\t\t<div class=\"elementor-divider\">\n\t\t\t<span class=\"elementor-divider-separator\">\n\t\t\t\t\t\t<\/span>\n\t\t<\/div>\n\t\t\t\t\t\t<\/div>\n\t\t\t\t<\/div>\n\t\t\t\t\t<\/div>\n\t\t<\/div>\n\t\t\t\t\t<\/div>\n\t\t<\/section>\n\t\t\t\t<section class=\"elementor-section elementor-top-section elementor-element elementor-element-e19a7e5 elementor-section-boxed elementor-section-height-default elementor-section-height-default qodef-elementor-content-no\" data-id=\"e19a7e5\" data-element_type=\"section\" data-e-type=\"section\">\n\t\t\t\t\t\t<div class=\"elementor-container elementor-column-gap-default\">\n\t\t\t\t\t<div class=\"elementor-column elementor-col-100 elementor-top-column elementor-element elementor-element-23d5a27\" data-id=\"23d5a27\" data-element_type=\"column\" data-e-type=\"column\">\n\t\t\t<div class=\"elementor-widget-wrap elementor-element-populated\">\n\t\t\t\t\t\t<div class=\"elementor-element elementor-element-ec9eb2c elementor-widget elementor-widget-text-editor\" data-id=\"ec9eb2c\" data-element_type=\"widget\" data-e-type=\"widget\" data-widget_type=\"text-editor.default\">\n\t\t\t\t<div class=\"elementor-widget-container\">\n\t\t\t\t\t\t\t\t\t<h5 class=\"p1\"><strong><span class=\"s1\">Contenu des auditions :<\/span><\/strong><\/h5><p class=\"p2\">Le candidat fera quelques vocalises, imitera des petits rythmes et courtes m\u00e9lodies \u00e0 reprendre apr\u00e8s l\u2019exemple donn\u00e9. Les candidats pr\u00e9pareront un chant qui pourra leur \u00eatre demand\u00e9. Tous les styles sont possibles. Un court entretien pourra \u00e9galement suivre l\u2019audition. Le lieu et jour d\u2019audition sont sp\u00e9cifiques \u00e0 chaque site.<\/p><p class=\"p2\">La d\u00e9cision ou non de l\u2019admission d\u2019un enfant ou homme aux Petits Chanteurs de Strasbourg \u2013 Ma\u00eetrise de l\u2019Op\u00e9ra national du Rhin site Op\u00e9ra est prise exclusivement par Luciano Bibiloni, Directeur, et son \u00e9quipe p\u00e9dagogique.<\/p><p class=\"p2\">Pour les CHAM, la d\u00e9cision d\u2019admission est prise par une commission constitu\u00e9e par des repr\u00e9sentants de l\u2019\u00c9ducation nationale et de la Ma\u00eetrise de l\u2019OnR.<\/p><p class=\"p2\">Le chanteur s\u2019engage \u00e0 \u00eatre pr\u00e9sent d\u00e8s la premi\u00e8re r\u00e9p\u00e9tition de rentr\u00e9e (\u00e0 partir du <span class=\"s1\">1<\/span>er septembre 2026).<\/p><p class=\"p2\">Le ma\u00eetrisien (et les parents pour les mineurs) s\u2019engagera \u00e0 une assiduit\u00e9 sur l\u2019ensemble des activit\u00e9s programm\u00e9es (r\u00e9p\u00e9titions habituelles et exceptionnelles, concerts, op\u00e9ras, etc.), \u00e0 \u00eatre respectueux des autres et de son environnement, motiv\u00e9 \u00e0 progresser.<\/p>\t\t\t\t\t\t\t\t<\/div>\n\t\t\t\t<\/div>\n\t\t\t\t\t<\/div>\n\t\t<\/div>\n\t\t\t\t\t<\/div>\n\t\t<\/section>\n\t\t\t\t<\/div>\n\t\t","protected":false},"excerpt":{"rendered":"<p>la ma\u00eetrise recrute pour la saison prochaine Depuis 25 ans, les Petits Chanteurs de Strasbourg &#8211; Ma\u00eetrise de l\u2019Op\u00e9ra national du Rhin, illuminent la sc\u00e8ne musicale de Strasbourg et d\u2019Alsace. Avec un r\u00e9pertoire riche et vari\u00e9, et une immersion unique dans l\u2019univers captivant de l\u2019op\u00e9ra, nos jeunes choristes peuvent d\u00e9couvrir une exp\u00e9rience artistique et humaine [&hellip;]<\/p>\n","protected":false},"author":2,"featured_media":0,"parent":0,"menu_order":0,"comment_status":"closed","ping_status":"closed","template":"elementor_header_footer","meta":{"_bbp_topic_count":0,"_bbp_reply_count":0,"_bbp_total_topic_count":0,"_bbp_total_reply_count":0,"_bbp_voice_count":0,"_bbp_anonymous_reply_count":0,"_bbp_topic_count_hidden":0,"_bbp_reply_count_hidden":0,"_bbp_forum_subforum_count":0,"footnotes":""},"class_list":["post-5149","page","type-page","status-publish","hentry"],"_links":{"self":[{"href":"https:\/\/petits-chanteurs-strasbourg.com\/index.php\/wp-json\/wp\/v2\/pages\/5149","targetHints":{"allow":["GET"]}}],"collection":[{"href":"https:\/\/petits-chanteurs-strasbourg.com\/index.php\/wp-json\/wp\/v2\/pages"}],"about":[{"href":"https:\/\/petits-chanteurs-strasbourg.com\/index.php\/wp-json\/wp\/v2\/types\/page"}],"author":[{"embeddable":true,"href":"https:\/\/petits-chanteurs-strasbourg.com\/index.php\/wp-json\/wp\/v2\/users\/2"}],"replies":[{"embeddable":true,"href":"https:\/\/petits-chanteurs-strasbourg.com\/index.php\/wp-json\/wp\/v2\/comments?post=5149"}],"version-history":[{"count":91,"href":"https:\/\/petits-chanteurs-strasbourg.com\/index.php\/wp-json\/wp\/v2\/pages\/5149\/revisions"}],"predecessor-version":[{"id":13517,"href":"https:\/\/petits-chanteurs-strasbourg.com\/index.php\/wp-json\/wp\/v2\/pages\/5149\/revisions\/13517"}],"wp:attachment":[{"href":"https:\/\/petits-chanteurs-strasbourg.com\/index.php\/wp-json\/wp\/v2\/media?parent=5149"}],"curies":[{"name":"wp","href":"https:\/\/api.w.org\/{rel}","templated":true}]}}