{"id":5481,"date":"2023-02-23T11:48:26","date_gmt":"2023-02-23T10:48:26","guid":{"rendered":"http:\/\/preprod.petits-chanteurs-strasbourg.com\/?page_id=5481"},"modified":"2024-11-28T15:07:15","modified_gmt":"2024-11-28T14:07:15","slug":"frederique-autret","status":"publish","type":"page","link":"https:\/\/petits-chanteurs-strasbourg.com\/index.php\/frederique-autret\/","title":{"rendered":"FR\u00c9D\u00c9RIQUE AUTRET"},"content":{"rendered":"\t\t<div data-elementor-type=\"wp-page\" data-elementor-id=\"5481\" class=\"elementor elementor-5481\">\n\t\t\t\t\t\t<section class=\"elementor-section elementor-top-section elementor-element elementor-element-347f95a elementor-section-boxed elementor-section-height-default elementor-section-height-default qodef-elementor-content-no\" data-id=\"347f95a\" data-element_type=\"section\" data-e-type=\"section\">\n\t\t\t\t\t\t<div class=\"elementor-container elementor-column-gap-default\">\n\t\t\t\t\t<div class=\"elementor-column elementor-col-33 elementor-top-column elementor-element elementor-element-1e0edbf\" data-id=\"1e0edbf\" data-element_type=\"column\" data-e-type=\"column\">\n\t\t\t<div class=\"elementor-widget-wrap elementor-element-populated\">\n\t\t\t\t\t\t<div class=\"elementor-element elementor-element-7e4f70c elementor-widget elementor-widget-image\" data-id=\"7e4f70c\" data-element_type=\"widget\" data-e-type=\"widget\" data-widget_type=\"image.default\">\n\t\t\t\t<div class=\"elementor-widget-container\">\n\t\t\t\t\t\t\t\t\t\t\t\t\t\t\t<img fetchpriority=\"high\" decoding=\"async\" width=\"750\" height=\"748\" src=\"https:\/\/petits-chanteurs-strasbourg.com\/wp-content\/uploads\/2024\/09\/photos-staff.003.jpg\" class=\"attachment-large size-large wp-image-10615\" alt=\"\" srcset=\"https:\/\/petits-chanteurs-strasbourg.com\/wp-content\/uploads\/2024\/09\/photos-staff.003.jpg 750w, https:\/\/petits-chanteurs-strasbourg.com\/wp-content\/uploads\/2024\/09\/photos-staff.003-300x300.jpg 300w, https:\/\/petits-chanteurs-strasbourg.com\/wp-content\/uploads\/2024\/09\/photos-staff.003-150x150.jpg 150w\" sizes=\"(max-width: 750px) 100vw, 750px\" \/>\t\t\t\t\t\t\t\t\t\t\t\t\t\t\t<\/div>\n\t\t\t\t<\/div>\n\t\t\t\t\t<\/div>\n\t\t<\/div>\n\t\t\t\t<div class=\"elementor-column elementor-col-66 elementor-top-column elementor-element elementor-element-041bd00\" data-id=\"041bd00\" data-element_type=\"column\" data-e-type=\"column\">\n\t\t\t<div class=\"elementor-widget-wrap elementor-element-populated\">\n\t\t\t\t\t\t<div class=\"elementor-element elementor-element-7a74165 elementor-widget elementor-widget-text-editor\" data-id=\"7a74165\" data-element_type=\"widget\" data-e-type=\"widget\" data-widget_type=\"text-editor.default\">\n\t\t\t\t<div class=\"elementor-widget-container\">\n\t\t\t\t\t\t\t\t\t<h4>Assistante de direction et professeur de technique vocale<\/h4><p>Fr\u00e9d\u00e9rique est dipl\u00f4m\u00e9e en anthropologie sociale et en musicologie et titulaire d\u2019une m\u00e9daille d\u2019or de piano du Conservatoire d\u2019Amiens. Elle commence sa carri\u00e8re comme assistante musicale au CR\u00c9A d\u2019Aulnay-sous-bois puis intervenante en chant choral en milieu scolaire, avant d\u2019int\u00e9grer le Conservatoire d\u2019Alfortville. Elle y d\u00e9veloppe un projet de classe CHAM vocale en \u00e9cole \u00e9l\u00e9mentaire, puis cr\u00e9e une classe CHAM vocale \u201cArts de la sc\u00e8ne\u201d au coll\u00e8ge Paul Eluard de Montreuil. En parall\u00e8le, elle est initiatrice de commandes d\u2019op\u00e9ras pour enfants : <em>Fabl\u2019op\u00e9ra\u00a0<\/em>et\u00a0<em>Si Moli\u00e8re nous \u00e9tait cont\u00e9<\/em>, d\u2019Isabelle Aboulker,\u00a0<em>Au fil des contes<\/em>, de Fran\u00e7ois Jeanneau;\u00a0<em>Recettes pour le monde d\u2019apr\u00e8s<\/em>, d\u2019Alexandros Markeas. Elle est professeur de chant choral au conservatoire de Montreuil et professeur de formation musicale \u00e0 la Ma\u00eetrise de Paris. Elle est nomm\u00e9e assistante de direction de la Ma\u00eetrise de l\u2019Op\u00e9ra national du Rhin en 2021.<\/p>\t\t\t\t\t\t\t\t<\/div>\n\t\t\t\t<\/div>\n\t\t\t\t\t<\/div>\n\t\t<\/div>\n\t\t\t\t\t<\/div>\n\t\t<\/section>\n\t\t\t\t<section class=\"elementor-section elementor-top-section elementor-element elementor-element-604f614 elementor-section-boxed elementor-section-height-default elementor-section-height-default qodef-elementor-content-no\" data-id=\"604f614\" data-element_type=\"section\" data-e-type=\"section\">\n\t\t\t\t\t\t<div class=\"elementor-container elementor-column-gap-default\">\n\t\t\t\t\t<div class=\"elementor-column elementor-col-33 elementor-top-column elementor-element elementor-element-b95fbbd\" data-id=\"b95fbbd\" data-element_type=\"column\" data-e-type=\"column\">\n\t\t\t<div class=\"elementor-widget-wrap\">\n\t\t\t\t\t\t\t<\/div>\n\t\t<\/div>\n\t\t\t\t<div class=\"elementor-column elementor-col-33 elementor-top-column elementor-element elementor-element-9cc558c\" data-id=\"9cc558c\" data-element_type=\"column\" data-e-type=\"column\">\n\t\t\t<div class=\"elementor-widget-wrap elementor-element-populated\">\n\t\t\t\t\t\t<div class=\"elementor-element elementor-element-265f7d0 elementor-align-center elementor-widget elementor-widget-button\" data-id=\"265f7d0\" data-element_type=\"widget\" data-e-type=\"widget\" data-widget_type=\"button.default\">\n\t\t\t\t<div class=\"elementor-widget-container\">\n\t\t\t\t\t\t\t\t\t<div class=\"elementor-button-wrapper\">\n\t\t\t\t\t<a class=\"elementor-button elementor-button-link elementor-size-sm\" href=\"\/index.php\/programme\/\">\n\t\t\t\t\t\t<span class=\"elementor-button-content-wrapper\">\n\t\t\t\t\t\t\t\t\t<span class=\"elementor-button-text\">RETOUR<\/span>\n\t\t\t\t\t<\/span>\n\t\t\t\t\t<\/a>\n\t\t\t\t<\/div>\n\t\t\t\t\t\t\t\t<\/div>\n\t\t\t\t<\/div>\n\t\t\t\t\t<\/div>\n\t\t<\/div>\n\t\t\t\t<div class=\"elementor-column elementor-col-33 elementor-top-column elementor-element elementor-element-5f0e1c4\" data-id=\"5f0e1c4\" data-element_type=\"column\" data-e-type=\"column\">\n\t\t\t<div class=\"elementor-widget-wrap\">\n\t\t\t\t\t\t\t<\/div>\n\t\t<\/div>\n\t\t\t\t\t<\/div>\n\t\t<\/section>\n\t\t\t\t<\/div>\n\t\t","protected":false},"excerpt":{"rendered":"<p>Assistante de direction et professeur de technique vocale Fr\u00e9d\u00e9rique est dipl\u00f4m\u00e9e en anthropologie sociale et en musicologie et titulaire d\u2019une m\u00e9daille d\u2019or de piano du Conservatoire d\u2019Amiens. Elle commence sa carri\u00e8re comme assistante musicale au CR\u00c9A d\u2019Aulnay-sous-bois puis intervenante en chant choral en milieu scolaire, avant d\u2019int\u00e9grer le Conservatoire d\u2019Alfortville. Elle y d\u00e9veloppe un projet [&hellip;]<\/p>\n","protected":false},"author":2,"featured_media":0,"parent":0,"menu_order":0,"comment_status":"closed","ping_status":"closed","template":"","meta":{"_bbp_topic_count":0,"_bbp_reply_count":0,"_bbp_total_topic_count":0,"_bbp_total_reply_count":0,"_bbp_voice_count":0,"_bbp_anonymous_reply_count":0,"_bbp_topic_count_hidden":0,"_bbp_reply_count_hidden":0,"_bbp_forum_subforum_count":0,"footnotes":""},"class_list":["post-5481","page","type-page","status-publish","hentry"],"_links":{"self":[{"href":"https:\/\/petits-chanteurs-strasbourg.com\/index.php\/wp-json\/wp\/v2\/pages\/5481","targetHints":{"allow":["GET"]}}],"collection":[{"href":"https:\/\/petits-chanteurs-strasbourg.com\/index.php\/wp-json\/wp\/v2\/pages"}],"about":[{"href":"https:\/\/petits-chanteurs-strasbourg.com\/index.php\/wp-json\/wp\/v2\/types\/page"}],"author":[{"embeddable":true,"href":"https:\/\/petits-chanteurs-strasbourg.com\/index.php\/wp-json\/wp\/v2\/users\/2"}],"replies":[{"embeddable":true,"href":"https:\/\/petits-chanteurs-strasbourg.com\/index.php\/wp-json\/wp\/v2\/comments?post=5481"}],"version-history":[{"count":7,"href":"https:\/\/petits-chanteurs-strasbourg.com\/index.php\/wp-json\/wp\/v2\/pages\/5481\/revisions"}],"predecessor-version":[{"id":10646,"href":"https:\/\/petits-chanteurs-strasbourg.com\/index.php\/wp-json\/wp\/v2\/pages\/5481\/revisions\/10646"}],"wp:attachment":[{"href":"https:\/\/petits-chanteurs-strasbourg.com\/index.php\/wp-json\/wp\/v2\/media?parent=5481"}],"curies":[{"name":"wp","href":"https:\/\/api.w.org\/{rel}","templated":true}]}}