{"id":9007,"date":"2024-02-11T11:51:05","date_gmt":"2024-02-11T10:51:05","guid":{"rendered":"https:\/\/petits-chanteurs-strasbourg.com\/?page_id=9007"},"modified":"2024-02-13T12:54:58","modified_gmt":"2024-02-13T11:54:58","slug":"kotoko-matsuda","status":"publish","type":"page","link":"https:\/\/petits-chanteurs-strasbourg.com\/index.php\/kotoko-matsuda\/","title":{"rendered":"Kotoko Matsuda"},"content":{"rendered":"\t\t<div data-elementor-type=\"wp-page\" data-elementor-id=\"9007\" class=\"elementor elementor-9007\">\n\t\t\t\t\t\t<section class=\"elementor-section elementor-top-section elementor-element elementor-element-f2661cd elementor-section-boxed elementor-section-height-default elementor-section-height-default qodef-elementor-content-no\" data-id=\"f2661cd\" data-element_type=\"section\" data-e-type=\"section\">\n\t\t\t\t\t\t<div class=\"elementor-container elementor-column-gap-default\">\n\t\t\t\t\t<div class=\"elementor-column elementor-col-33 elementor-top-column elementor-element elementor-element-cecfaf5\" data-id=\"cecfaf5\" data-element_type=\"column\" data-e-type=\"column\">\n\t\t\t<div class=\"elementor-widget-wrap elementor-element-populated\">\n\t\t\t\t\t\t<div class=\"elementor-element elementor-element-5e0ec27 elementor-widget elementor-widget-image\" data-id=\"5e0ec27\" data-element_type=\"widget\" data-e-type=\"widget\" data-widget_type=\"image.default\">\n\t\t\t\t<div class=\"elementor-widget-container\">\n\t\t\t\t\t\t\t\t\t\t\t\t\t\t\t<img fetchpriority=\"high\" decoding=\"async\" width=\"590\" height=\"866\" src=\"https:\/\/petits-chanteurs-strasbourg.com\/wp-content\/uploads\/2024\/02\/DSC06545-590x866-1.jpg\" class=\"attachment-large size-large wp-image-9009\" alt=\"\" srcset=\"https:\/\/petits-chanteurs-strasbourg.com\/wp-content\/uploads\/2024\/02\/DSC06545-590x866-1.jpg 590w, https:\/\/petits-chanteurs-strasbourg.com\/wp-content\/uploads\/2024\/02\/DSC06545-590x866-1-300x440.jpg 300w, https:\/\/petits-chanteurs-strasbourg.com\/wp-content\/uploads\/2024\/02\/DSC06545-590x866-1-204x300.jpg 204w\" sizes=\"(max-width: 590px) 100vw, 590px\" \/>\t\t\t\t\t\t\t\t\t\t\t\t\t\t\t<\/div>\n\t\t\t\t<\/div>\n\t\t\t\t\t<\/div>\n\t\t<\/div>\n\t\t\t\t<div class=\"elementor-column elementor-col-66 elementor-top-column elementor-element elementor-element-8a6bad3\" data-id=\"8a6bad3\" data-element_type=\"column\" data-e-type=\"column\">\n\t\t\t<div class=\"elementor-widget-wrap elementor-element-populated\">\n\t\t\t\t\t\t<div class=\"elementor-element elementor-element-814b166 elementor-widget elementor-widget-text-editor\" data-id=\"814b166\" data-element_type=\"widget\" data-e-type=\"widget\" data-widget_type=\"text-editor.default\">\n\t\t\t\t<div class=\"elementor-widget-container\">\n\t\t\t\t\t\t\t\t\t<p>Kotoko Matsuda est n\u00e9e au Japon \u00e0 Tokyo. Elle commence le piano \u00e0 un jeune \u00e2ge et poursuit ses \u00e9tudes musicales au Lyc\u00e9e des Beaux-arts de Tokyo avant d\u2019int\u00e9grer le D\u00e9partement de Musique \u00e0 l\u2019Universit\u00e9 de Toho Gakuen. Elle est laur\u00e9ate de sa promotion et est s\u00e9lectionn\u00e9e pour le concert final.\u00a0<\/p><p>Elle d\u00e9cide de continuer sa formation en tant que chef de chant et pianiste accompagnatrice \u00e0 l\u2019Op\u00e9ra Acad\u00e9mie de Suntory Hall\u00a0\u00e0 Tokyo. En 2018, elle est accompagnatrice lors d\u2019une masterclass donn\u00e9e par Giuseppe Sabbatini \u00e0 Rome.\u00a0<\/p><p>Kotoko Matsuda a travaill\u00e9 en tant qu\u2019accompagnatrice aupr\u00e8s de nombreux chefs de ch\u0153urs et d\u2019orchestres notamment avec le choeur philharmonique de Tokyo et le ch\u0153ur d\u2019enfant de la cha\u00eene de t\u00e9l\u00e9vision japonaise NHK.\u00a0<\/p><p>En 2020, Kotoko Matsuda s\u2019installe \u00e0 Strasbourg o\u00f9 elle a obtenu le dipl\u00f4me de sp\u00e9cialisation au Conservatoire de Strasbourg et un Master piano \u00e0 la Haute \u00c9cole des Arts du Rhin. Lors de d\u2019obtention de son Master, il lui a \u00e9t\u00e9 d\u00e9cern\u00e9 le Prix Musique 2023 de la ville de Strasbourg.<\/p><p>Kotoko Matsuda a \u00e9galement men\u00e9 des projets avec des compositeurs de musique contemporaine en organisant des rencontres musicales. Certaines de ces pi\u00e8ces ont \u00e9t\u00e9 des premi\u00e8res\u00a0mondiales.\u00a0Elle a travaill\u00e9 avec des compositeurs de renom tel que Makoto Shinohara et Yori-aki Matsudaira au Japon. Lors d\u2019un concert pr\u00e9sentant les compositions de Joji Yuasa, la revue Ongaku Gendai lui a consacr\u00e9 un article mettant en avant sa clart\u00e9 et sa justesse musicale.<\/p>\t\t\t\t\t\t\t\t<\/div>\n\t\t\t\t<\/div>\n\t\t\t\t\t<\/div>\n\t\t<\/div>\n\t\t\t\t\t<\/div>\n\t\t<\/section>\n\t\t\t\t<section class=\"elementor-section elementor-top-section elementor-element elementor-element-6653432 elementor-section-boxed elementor-section-height-default elementor-section-height-default qodef-elementor-content-no\" data-id=\"6653432\" data-element_type=\"section\" data-e-type=\"section\">\n\t\t\t\t\t\t<div class=\"elementor-container elementor-column-gap-default\">\n\t\t\t\t\t<div class=\"elementor-column elementor-col-100 elementor-top-column elementor-element elementor-element-9dd69db\" data-id=\"9dd69db\" data-element_type=\"column\" data-e-type=\"column\">\n\t\t\t<div class=\"elementor-widget-wrap elementor-element-populated\">\n\t\t\t\t\t\t<div class=\"elementor-element elementor-element-b195e8d elementor-widget elementor-widget-text-editor\" data-id=\"b195e8d\" data-element_type=\"widget\" data-e-type=\"widget\" data-widget_type=\"text-editor.default\">\n\t\t\t\t<div class=\"elementor-widget-container\">\n\t\t\t\t\t\t\t\t\t<p>Au cours de l\u2019\u00e9t\u00e9 2021, elle a particip\u00e9 aux cours d&rsquo;\u00e9t\u00e9 internationaux de Darmstadt en Allemagne.<\/p><p>En France, elle s\u2019est produit avec l&rsquo;Ensemble Accroche Note au Festival Pr\u00e9sence 2021 : Pascal Dusapin et ses amis, organis\u00e9 et diffus\u00e9 par Radio France participant \u00e0 cette occasion \u00e0 la cr\u00e9ation mondiale de \u00ab\u00a0La vita sognata\u00a0\u00bb de Pascal Dusapin. Le CD \u00ab\u00a0Hugues Dufourt: Complete works for piano solo\u00a0\u00bb, dans lequel elle \u00e9tait l&rsquo;une des solistes, a \u00e9t\u00e9 tr\u00e8s bien accueilli et diffus\u00e9 sur Radio France.<\/p><p>Parall\u00e8lement, elle se passionne pour l&rsquo;enseignement en tant qu&rsquo;accompagnatrice au sein du Conservatoire de Strasbourg et de la Haute Ecole des Arts du Rhin.<\/p>\t\t\t\t\t\t\t\t<\/div>\n\t\t\t\t<\/div>\n\t\t\t\t\t<\/div>\n\t\t<\/div>\n\t\t\t\t\t<\/div>\n\t\t<\/section>\n\t\t\t\t<section class=\"elementor-section elementor-top-section elementor-element elementor-element-0615ff7 elementor-section-boxed elementor-section-height-default elementor-section-height-default qodef-elementor-content-no\" data-id=\"0615ff7\" data-element_type=\"section\" data-e-type=\"section\">\n\t\t\t\t\t\t<div class=\"elementor-container elementor-column-gap-default\">\n\t\t\t\t\t<div class=\"elementor-column elementor-col-100 elementor-top-column elementor-element elementor-element-fe9eea9\" data-id=\"fe9eea9\" data-element_type=\"column\" data-e-type=\"column\">\n\t\t\t<div class=\"elementor-widget-wrap elementor-element-populated\">\n\t\t\t\t\t\t<div class=\"elementor-element elementor-element-a88b8fd elementor-align-center elementor-widget elementor-widget-button\" data-id=\"a88b8fd\" data-element_type=\"widget\" data-e-type=\"widget\" data-widget_type=\"button.default\">\n\t\t\t\t<div class=\"elementor-widget-container\">\n\t\t\t\t\t\t\t\t\t<div class=\"elementor-button-wrapper\">\n\t\t\t\t\t<a class=\"elementor-button elementor-button-link elementor-size-sm\" href=\"https:\/\/petits-chanteurs-strasbourg.com\/index.php\/programme\/\">\n\t\t\t\t\t\t<span class=\"elementor-button-content-wrapper\">\n\t\t\t\t\t\t\t\t\t<span class=\"elementor-button-text\">RETOUR<\/span>\n\t\t\t\t\t<\/span>\n\t\t\t\t\t<\/a>\n\t\t\t\t<\/div>\n\t\t\t\t\t\t\t\t<\/div>\n\t\t\t\t<\/div>\n\t\t\t\t\t<\/div>\n\t\t<\/div>\n\t\t\t\t\t<\/div>\n\t\t<\/section>\n\t\t\t\t<\/div>\n\t\t","protected":false},"excerpt":{"rendered":"<p>Kotoko Matsuda est n\u00e9e au Japon \u00e0 Tokyo. Elle commence le piano \u00e0 un jeune \u00e2ge et poursuit ses \u00e9tudes musicales au Lyc\u00e9e des Beaux-arts de Tokyo avant d\u2019int\u00e9grer le D\u00e9partement de Musique \u00e0 l\u2019Universit\u00e9 de Toho Gakuen. Elle est laur\u00e9ate de sa promotion et est s\u00e9lectionn\u00e9e pour le concert final.\u00a0 Elle d\u00e9cide de continuer [&hellip;]<\/p>\n","protected":false},"author":2,"featured_media":0,"parent":0,"menu_order":0,"comment_status":"closed","ping_status":"closed","template":"","meta":{"_bbp_topic_count":0,"_bbp_reply_count":0,"_bbp_total_topic_count":0,"_bbp_total_reply_count":0,"_bbp_voice_count":0,"_bbp_anonymous_reply_count":0,"_bbp_topic_count_hidden":0,"_bbp_reply_count_hidden":0,"_bbp_forum_subforum_count":0,"footnotes":""},"class_list":["post-9007","page","type-page","status-publish","hentry"],"_links":{"self":[{"href":"https:\/\/petits-chanteurs-strasbourg.com\/index.php\/wp-json\/wp\/v2\/pages\/9007","targetHints":{"allow":["GET"]}}],"collection":[{"href":"https:\/\/petits-chanteurs-strasbourg.com\/index.php\/wp-json\/wp\/v2\/pages"}],"about":[{"href":"https:\/\/petits-chanteurs-strasbourg.com\/index.php\/wp-json\/wp\/v2\/types\/page"}],"author":[{"embeddable":true,"href":"https:\/\/petits-chanteurs-strasbourg.com\/index.php\/wp-json\/wp\/v2\/users\/2"}],"replies":[{"embeddable":true,"href":"https:\/\/petits-chanteurs-strasbourg.com\/index.php\/wp-json\/wp\/v2\/comments?post=9007"}],"version-history":[{"count":7,"href":"https:\/\/petits-chanteurs-strasbourg.com\/index.php\/wp-json\/wp\/v2\/pages\/9007\/revisions"}],"predecessor-version":[{"id":9039,"href":"https:\/\/petits-chanteurs-strasbourg.com\/index.php\/wp-json\/wp\/v2\/pages\/9007\/revisions\/9039"}],"wp:attachment":[{"href":"https:\/\/petits-chanteurs-strasbourg.com\/index.php\/wp-json\/wp\/v2\/media?parent=9007"}],"curies":[{"name":"wp","href":"https:\/\/api.w.org\/{rel}","templated":true}]}}